{"id":4582,"date":"2024-05-15T12:02:14","date_gmt":"2024-05-15T12:02:14","guid":{"rendered":"https:\/\/motus.site\/sobre\/"},"modified":"2024-05-15T12:02:14","modified_gmt":"2024-05-15T12:02:14","slug":"sobre","status":"publish","type":"page","link":"https:\/\/motus.site\/ro\/sobre\/","title":{"rendered":"Pe"},"content":{"rendered":"<p>Dac\u0103 ave\u021bi \u00eentreb\u0103ri despre Site, Publicitate \u0219i orice alt\u0103 problem\u0103, v\u0103 rug\u0103m s\u0103 nu ezita\u021bi s\u0103 ne contacta\u021bi, a\u0219tept\u0103m cu ner\u0103bdare s\u0103 v\u0103 r\u0103spundem pe pagina noastr\u0103 de contact, lucr\u0103m 24 de ore \u00een acest domeniu \u0219i avem suficient\u0103 experien\u021b\u0103 pentru a v\u0103 oferi trimitere c\u0103tre <strong>contato@motus.site<\/strong><\/p>","protected":false},"excerpt":{"rendered":"<p>Dac\u0103 ave\u021bi \u00eentreb\u0103ri despre Site, Publicitate sau orice alt subiect, nu ezita\u021bi s\u0103 ne contacta\u021bi, a\u0219tept\u0103m cu drag s\u0103 v\u0103 r\u0103spundem pe pagina noastr\u0103...<\/p>","protected":false},"author":2,"featured_media":0,"parent":0,"menu_order":0,"comment_status":"closed","ping_status":"closed","template":"","meta":{"footnotes":""},"class_list":["post-4582","page","type-page","status-publish","hentry"],"_links":{"self":[{"href":"https:\/\/motus.site\/ro\/wp-json\/wp\/v2\/pages\/4582","targetHints":{"allow":["GET"]}}],"collection":[{"href":"https:\/\/motus.site\/ro\/wp-json\/wp\/v2\/pages"}],"about":[{"href":"https:\/\/motus.site\/ro\/wp-json\/wp\/v2\/types\/page"}],"author":[{"embeddable":true,"href":"https:\/\/motus.site\/ro\/wp-json\/wp\/v2\/users\/2"}],"replies":[{"embeddable":true,"href":"https:\/\/motus.site\/ro\/wp-json\/wp\/v2\/comments?post=4582"}],"version-history":[{"count":1,"href":"https:\/\/motus.site\/ro\/wp-json\/wp\/v2\/pages\/4582\/revisions"}],"predecessor-version":[{"id":4585,"href":"https:\/\/motus.site\/ro\/wp-json\/wp\/v2\/pages\/4582\/revisions\/4585"}],"wp:attachment":[{"href":"https:\/\/motus.site\/ro\/wp-json\/wp\/v2\/media?parent=4582"}],"curies":[{"name":"wp","href":"https:\/\/api.w.org\/{rel}","templated":true}]}}