{"id":4580,"date":"2024-03-28T09:38:21","date_gmt":"2024-03-28T09:38:21","guid":{"rendered":"https:\/\/motus.site\/termos-e-condicoes\/"},"modified":"2025-03-11T21:15:52","modified_gmt":"2025-03-11T21:15:52","slug":"termos-e-condicoes","status":"publish","type":"page","link":"https:\/\/motus.site\/ro\/termos-e-condicoes\/","title":{"rendered":"Termeni \u0219i condi\u021bii"},"content":{"rendered":"<h2><strong>Termeni \u0219i condi\u021bii<\/strong><\/h2>\n<p>Bun venit la Motus!<\/p>\n<p>Ace\u0219ti termeni \u0219i condi\u021bii prezint\u0103 regulile \u0219i reglement\u0103rile pentru utilizarea Motus, disponibil la https:\/\/motus.site\/.<\/p>\n<p>Prin accesarea acestui site web, presupunem c\u0103 accepta\u021bi ace\u0219ti termeni \u0219i condi\u021bii. Nu continua\u021bi s\u0103 utiliza\u021bi Motus dac\u0103 nu sunte\u021bi de acord s\u0103 respecta\u021bi to\u021bi termenii \u0219i condi\u021biile men\u021bionate pe aceast\u0103 pagin\u0103.<\/p>\n<p>Urm\u0103toarea terminologie se aplic\u0103 acestor Termeni \u0219i Condi\u021bii, Declara\u021biei de Confiden\u021bialitate \u0219i Notific\u0103rii de Exonerare de Responsabilitate, precum \u0219i tuturor Acordurilor: \u201eClient\u201d, \u201eDumneavoastr\u0103\u201d \u0219i \u201eal dumneavoastr\u0103\u201d se refer\u0103 la dumneavoastr\u0103, persoana care se conecteaz\u0103 la acest site web \u0219i care respect\u0103 termenii \u0219i condi\u021biile Companiei. \u201eCompania\u201d, \u201eNoi\u201d, \u201eNou\u0103\u201d, \u201eal nostru\/a noastr\u0103\/ai no\u0219tri\/ale noastre\u201d \u0219i \u201enou\u0103\u201d se refer\u0103 la Compania noastr\u0103. \u201eParte\u201d, \u201eP\u0103r\u021bi\u201d sau \u201enou\u0103\u201d se refer\u0103 at\u00e2t la Client, c\u00e2t \u0219i la noi \u00een\u0219ine. To\u021bi termenii se refer\u0103 la oferta, acceptarea \u0219i contravaloarea pl\u0103\u021bii necesare pentru a \u00eentreprinde procesul de asisten\u021b\u0103 acordat\u0103 Clientului \u00een cel mai potrivit mod, \u00een scopul expres de a satisface nevoile Clientului \u00een ceea ce prive\u0219te furnizarea serviciilor declarate ale Companiei, \u00een conformitate cu \u0219i sub rezerva legisla\u021biei \u00een vigoare din Olanda. Orice utilizare a terminologiei de mai sus sau a altor cuvinte la singular, plural, cu majuscule \u0219i\/sau el\/ea\/acesta sunt considerate interschimbabile \u0219i, prin urmare, se refer\u0103 la acela\u0219i lucru.<\/p>\n<h3><strong>Cookie-uri<\/strong><\/h3>\n<p>Folosim cookie-uri. Prin accesarea Motus, sunte\u021bi de acord s\u0103 utiliza\u021bi cookie-uri \u00een conformitate cu Politica de confiden\u021bialitate Motus.<\/p>\n<p>Cele mai multe site-uri web interactive folosesc cookie-uri pentru a ne permite s\u0103 recuper\u0103m detaliile utilizatorului pentru fiecare vizit\u0103. Cookie-urile sunt folosite de site-ul nostru web pentru a activa func\u021bionalitatea anumitor zone pentru a facilita accesul persoanelor care viziteaz\u0103 site-ul nostru. Unii dintre afilia\u021bii\/partenerii no\u0219tri de publicitate pot folosi, de asemenea, cookie-uri.<\/p>\n<h3><strong>Licen\u0163\u0103<\/strong><\/h3>\n<p>Dac\u0103 nu se specific\u0103 altfel, Motus \u0219i\/sau licen\u021biatorii s\u0103i de\u021bin drepturile de proprietate intelectual\u0103 pentru toate materialele de pe [numele companiei]. Toate drepturile de proprietate intelectual\u0103 sunt rezervate. Pute\u021bi accesa acestea de pe Motus pentru uz personal, sub rezerva restric\u021biilor stabilite \u00een ace\u0219ti termeni \u0219i condi\u021bii.<\/p>\n<p>Nu trebuie s\u0103:<\/p>\n<ul>\n<li>Republica\u021bi materiale de la Motus<\/li>\n<li>Vinde\u021bi, \u00eenchiria\u021bi sau sublicen\u021bia\u021bi materiale de la Motus<\/li>\n<li>Reproducerea, duplicarea sau copierea materialelor de pe Motus<\/li>\n<li>Redistribui\u021bi con\u021binutul Motus<\/li>\n<\/ul>\n<p>Prezentul acord va \u00eencepe la aceast\u0103 dat\u0103. Termenii \u0219i condi\u021biile noastre au fost create cu ajutorul <a href=\"https:\/\/www.termsandconditionsgenerator.com\">Generator de termeni \u0219i condi\u021bii<\/a> iar cel <a href=\"https:\/\/www.generateprivacypolicy.com\">Generator de politici de confiden\u021bialitate<\/a>.<\/p>\n<p>Anumite p\u0103r\u021bi ale acestui site web ofer\u0103 utilizatorilor oportunitatea de a posta \u0219i de a face schimb de opinii \u0219i informa\u021bii \u00een anumite zone ale site-ului web. Motus nu filtreaz\u0103, editeaz\u0103, public\u0103 sau revizuie\u0219te Comentariile \u00eenainte de prezen\u021ba lor pe site. Comentariile nu reflect\u0103 opiniile \u0219i punctele de vedere ale Motus, agen\u021bilor \u0219i\/sau afilia\u021bilor s\u0103i. Comentariile reflect\u0103 opiniile \u0219i punctele de vedere ale persoanei care posteaz\u0103 opiniile \u0219i punctele de vedere. \u00cen m\u0103sura permis\u0103 de legile aplicabile, Motus nu va fi r\u0103spunz\u0103tor pentru Comentarii sau pentru nicio r\u0103spundere, daune sau cheltuieli cauzate \u0219i\/sau suferite ca urmare a oric\u0103rei utiliz\u0103ri \u0219i\/sau post\u0103ri \u0219i\/sau apari\u021bii a Comentariilor pe acest site web.<\/p>\n<p>Motus \u00ee\u0219i rezerv\u0103 dreptul de a monitoriza toate Comentariile \u0219i de a elimina orice Comentarii care pot fi considerate nepotrivite, jignitoare sau care \u00eencalc\u0103 ace\u0219ti Termeni \u0219i Condi\u021bii.<\/p>\n<p>Garanta\u021bi \u0219i declara\u021bi c\u0103:<\/p>\n<ul>\n<li>Ave\u021bi dreptul de a posta Comentariile pe site-ul nostru web \u0219i ave\u021bi toate licen\u021bele \u0219i consim\u021b\u0103m\u00e2ntul necesare pentru a face acest lucru;<\/li>\n<li>Comentariile nu invadeaz\u0103 niciun drept de proprietate intelectual\u0103, inclusiv, f\u0103r\u0103 limitare, drepturile de autor, brevetele sau m\u0103rcile comerciale ale oric\u0103rei ter\u021be p\u0103r\u021bi;<\/li>\n<li>Comentariile nu con\u021bin niciun material def\u0103im\u0103tor, calomnios, ofensator, indecent sau ilegal, care este o invazie a vie\u021bii private.<\/li>\n<li>Comentariile nu vor fi folosite pentru a solicita sau promova afaceri sau pentru a personaliza sau prezenta activit\u0103\u021bi comerciale sau activit\u0103\u021bi ilegale.<\/li>\n<\/ul>\n<p>Prin prezenta, acorda\u021bi Motus o licen\u021b\u0103 neexclusiv\u0103 de a utiliza, reproduce, edita \u0219i autoriza alte persoane s\u0103 utilizeze, reproduc\u0103 \u0219i editeze oricare dintre Comentariile dvs. \u00een orice form\u0103, format sau mediu.<\/p>\n<h3><strong>Hyperlink c\u0103tre con\u021binutul nostru<\/strong><\/h3>\n<p>Urm\u0103toarele organiza\u021bii se pot conecta la site-ul nostru f\u0103r\u0103 aprobare prealabil\u0103 \u00een scris:<\/p>\n<ul>\n<li>Agen\u021bii guvernamentale;<\/li>\n<li>Motoare de c\u0103utare;<\/li>\n<li>Organiza\u021bii de \u0219tiri;<\/li>\n<li>Distribuitorii de directoare online pot face linkuri c\u0103tre site-ul nostru \u00een acela\u0219i mod \u00een care fac hyperlink c\u0103tre site-urile altor companii listate; \u015fi<\/li>\n<li>\u00centreprinderi acreditate la nivelul \u00eentregului sistem, cu excep\u021bia organiza\u021biilor non-profit, centrelor comerciale de caritate \u0219i a grupurilor de str\u00e2ngere de fonduri de caritate care nu pot face linkuri c\u0103tre site-ul nostru Web.<\/li>\n<\/ul>\n<p>Aceste organiza\u021bii pot trimite c\u0103tre pagina noastr\u0103 de pornire, c\u0103tre publica\u021bii sau c\u0103tre alte informa\u021bii despre site-ul Web, at\u00e2ta timp c\u00e2t linkul: (a) nu este \u00een niciun fel \u00een\u0219el\u0103tor; (b) nu implic\u0103 \u00een mod fals sponsorizarea, aprobarea sau aprobarea p\u0103r\u021bii care face leg\u0103tura \u0219i a produselor \u0219i\/sau serviciilor sale; \u0219i (c) se \u00eencadreaz\u0103 \u00een contextul site-ului p\u0103r\u021bii care face leg\u0103tura.<\/p>\n<p>Este posibil s\u0103 lu\u0103m \u00een considerare \u0219i s\u0103 aprob\u0103m alte solicit\u0103ri de linkuri din partea urm\u0103toarelor tipuri de organiza\u021bii: \/p&gt;<\/p>\n<ul>\n<li>cele mai cunoscute surse de informare comerciale \u0219i\/sau pentru consumatori;<\/li>\n<li>site-urile comunit\u0103\u021bii dot.com;<\/li>\n<li>asocia\u021bii sau alte grupuri care reprezint\u0103 organiza\u021bii de caritate;<\/li>\n<li>distribuitori de directoare online;<\/li>\n<li>portaluri de internet;<\/li>\n<li>cabinete de contabilitate, avocatura si consultanta; \u015fi<\/li>\n<li>institu\u021bii de \u00eenv\u0103\u021b\u0103m\u00e2nt \u0219i asocia\u021bii comerciale.<\/li>\n<\/ul>\n<p>Vom aproba solicit\u0103rile de linkuri din partea acestor organiza\u021bii dac\u0103 decidem c\u0103: (a) linkul nu ne-ar face s\u0103 ne percepem negativ sau s\u0103 ne priveasc\u0103 \u00een mod negativ afacerile noastre acreditate; (b) organiza\u021bia nu are nicio eviden\u021b\u0103 negativ\u0103 la noi; (c) beneficiul pe care \u00eel ob\u021binem din vizibilitatea hyperlinkului compenseaz\u0103 absen\u021ba Motus; \u0219i (d) linkul se afl\u0103 \u00een contextul informa\u021biilor generale despre resurse.<\/p>\n<p>Aceste organiza\u021bii pot trimite c\u0103tre pagina noastr\u0103 de pornire at\u00e2ta timp c\u00e2t linkul: (a) nu este \u00een niciun fel \u00een\u0219el\u0103tor; (b) nu implic\u0103 \u00een mod fals sponsorizarea, aprobarea sau aprobarea p\u0103r\u021bii care face leg\u0103tura \u0219i a produselor sau serviciilor sale; \u0219i (c) se \u00eencadreaz\u0103 \u00een contextul site-ului p\u0103r\u021bii care face leg\u0103tura.<\/p>\n<p>Dac\u0103 sunte\u021bi una dintre organiza\u021biile enumerate \u00een paragraful 2 de mai sus \u0219i sunte\u021bi interesat(\u0103) s\u0103 ad\u0103uga\u021bi un link c\u0103tre site-ul nostru web, trebuie s\u0103 ne informa\u021bi trimi\u021b\u00e2nd un e-mail c\u0103tre Motus. V\u0103 rug\u0103m s\u0103 include\u021bi numele dumneavoastr\u0103, numele organiza\u021biei dumneavoastr\u0103, informa\u021biile de contact, precum \u0219i adresa URL a site-ului dumneavoastr\u0103, o list\u0103 a oric\u0103ror adrese URL de la care inten\u021biona\u021bi s\u0103 ad\u0103uga\u021bi un link c\u0103tre site-ul nostru web \u0219i o list\u0103 a adreselor URL de pe site-ul nostru c\u0103tre care dori\u021bi s\u0103 ad\u0103uga\u021bi un link. A\u0219tepta\u021bi 2-3 s\u0103pt\u0103m\u00e2ni pentru un r\u0103spuns.<\/p>\n<p>Organiza\u021biile aprobate pot face hyperlink c\u0103tre site-ul nostru web dup\u0103 cum urmeaz\u0103:<\/p>\n<ul>\n<li>Prin utilizarea numelui nostru comercial; sau<\/li>\n<li>Prin utilizarea locatorului uniform de resurse la care v\u0103 conecta\u021bi; sau<\/li>\n<li>Prin folosirea oric\u0103rei alte descrieri a site-ului nostru la care este legat\u0103, aceasta are sens \u00een contextul \u0219i formatul con\u021binutului de pe site-ul p\u0103r\u021bii care face leg\u0103tura.<\/li>\n<\/ul>\n<p>Nu este permis\u0103 utilizarea logo-ului sau a altor elemente grafice Motus pentru link-uri \u00een absen\u021ba unui acord de licen\u021b\u0103 pentru marc\u0103 comercial\u0103.<\/p>\n<h3><strong>iFrame<\/strong><\/h3>\n<p>F\u0103r\u0103 aprobarea prealabil\u0103 \u0219i permisiunea scris\u0103, nu pute\u021bi crea cadre \u00een jurul paginilor noastre Web care s\u0103 modifice \u00een vreun fel prezentarea vizual\u0103 sau aspectul site-ului nostru.<\/p>\n<h3><strong>Responsabilitatea de con\u021binut<\/strong><\/h3>\n<p>Nu vom fi responsabili pentru niciun con\u021binut care apare pe site-ul dvs. Sunte\u021bi de acord s\u0103 ne proteja\u021bi \u0219i s\u0103 ne ap\u0103ra\u021bi \u00eempotriva tuturor reclama\u021biilor care apar pe site-ul dvs. Niciun link-uri nu ar trebui s\u0103 apar\u0103 pe niciun site web care poate fi interpretat ca def\u0103im\u0103tor, obscen sau criminal sau care \u00eencalc\u0103, \u00eencalc\u0103 \u00een alt mod sau sus\u021bine \u00eenc\u0103lcarea sau alt\u0103 \u00eenc\u0103lcare a oric\u0103ror drepturi ale ter\u021bilor.<\/p>\n<h3><strong>Intimitatea ta<\/strong><\/h3>\n<p>Citi\u021bi Politica de confiden\u021bialitate<\/p>\n<h3><strong>Rezervarea drepturilor<\/strong><\/h3>\n<p>Ne rezerv\u0103m dreptul de a solicita s\u0103 elimina\u021bi toate linkurile sau orice link anume c\u0103tre site-ul nostru. Sunte\u021bi de acord cu eliminarea imediat\u0103 a tuturor leg\u0103turilor c\u0103tre site-ul nostru, la cerere. De asemenea, ne rezerv\u0103m dreptul de a modifica \u00een orice moment ace\u0219ti termeni \u0219i condi\u021bii \u0219i politica de conectare a acestora. Prin conectarea continu\u0103 la site-ul nostru, sunte\u021bi de acord s\u0103 fi\u021bi obligat \u0219i s\u0103 urma\u021bi ace\u0219ti termeni \u0219i condi\u021bii de conectare.<\/p>\n<h3><strong> Eliminarea link-urilor de pe site-ul nostru<\/strong><\/h3>\n<p>Dac\u0103 g\u0103si\u021bi pe site-ul nostru vreun link care este ofensator din orice motiv, sunte\u021bi liber s\u0103 ne contacta\u021bi \u0219i s\u0103 ne informa\u021bi \u00een orice moment. Vom lua \u00een considerare solicit\u0103rile de eliminare a leg\u0103turilor, dar nu avem nicio obliga\u021bie de a face acest lucru sau de a v\u0103 r\u0103spunde direct.<\/p>\n<p>Nu garant\u0103m c\u0103 informa\u021biile de pe acest site web sunt corecte, nu garant\u0103m integralitatea sau acurate\u021bea acestora; nici nu promitem s\u0103 ne asigur\u0103m c\u0103 site-ul web r\u0103m\u00e2ne disponibil sau c\u0103 materialul de pe site este \u021binut la zi.<\/p>\n<h3><strong>Aviz legal<\/strong><\/h3>\n<p>\u00cen m\u0103sura maxim\u0103 permis\u0103 de legea aplicabil\u0103, excludem toate declara\u021biile, garan\u021biile \u0219i condi\u021biile referitoare la site-ul nostru web \u0219i la utilizarea acestui site. Nimic din aceast\u0103 notificare nu va:<\/p>\n<ul>\n<li>limita\u021bi sau exclude\u021bi r\u0103spunderea noastr\u0103 sau a dumneavoastr\u0103 pentru deces sau v\u0103t\u0103mare corporal\u0103;<\/li>\n<li>limita\u021bi sau exclude\u021bi r\u0103spunderea noastr\u0103 sau a dumneavoastr\u0103 pentru fraud\u0103 sau declara\u021bii false frauduloase;<\/li>\n<li>s\u0103 limit\u0103m oricare dintre responsabilit\u0103\u021bile noastre \u00een orice mod care nu este permis de legea aplicabil\u0103; sau<\/li>\n<li>exclude\u021bi oricare dintre responsabilit\u0103\u021bile noastre care nu pot fi excluse conform legisla\u021biei \u00een vigoare.<\/li>\n<\/ul>\n<p>Limit\u0103rile \u0219i interdic\u021biile de r\u0103spundere stabilite \u00een aceast\u0103 sec\u021biune \u0219i \u00een alt\u0103 parte \u00een aceast\u0103 declinare a r\u0103spunderii: (a) sunt supuse paragrafului precedent; \u0219i (b) guverneaz\u0103 toate responsabilit\u0103\u021bile care decurg din declinarea r\u0103spunderii, inclusiv responsabilit\u0103\u021bile care decurg din contract, delictu \u0219i pentru \u00eenc\u0103lcarea obliga\u021biei legale.<\/p>\n<p>At\u00e2ta timp c\u00e2t site-ul web \u0219i informa\u021biile \u0219i serviciile de pe acesta sunt furnizate gratuit, nu vom fi r\u0103spunz\u0103tori pentru nicio pierdere sau daune de orice natur\u0103.<\/p>","protected":false},"excerpt":{"rendered":"<p>Termeni \u0219i condi\u021bii Bine a\u021bi venit la Motus! Ace\u0219ti termeni \u0219i condi\u021bii prezint\u0103 regulile \u0219i reglement\u0103rile pentru utilizarea Motus, disponibil la https:\/\/motus.site\/. Prin accesarea\u2026<\/p>","protected":false},"author":2,"featured_media":0,"parent":0,"menu_order":0,"comment_status":"closed","ping_status":"closed","template":"","meta":{"footnotes":""},"class_list":["post-4580","page","type-page","status-publish","hentry"],"_links":{"self":[{"href":"https:\/\/motus.site\/ro\/wp-json\/wp\/v2\/pages\/4580","targetHints":{"allow":["GET"]}}],"collection":[{"href":"https:\/\/motus.site\/ro\/wp-json\/wp\/v2\/pages"}],"about":[{"href":"https:\/\/motus.site\/ro\/wp-json\/wp\/v2\/types\/page"}],"author":[{"embeddable":true,"href":"https:\/\/motus.site\/ro\/wp-json\/wp\/v2\/users\/2"}],"replies":[{"embeddable":true,"href":"https:\/\/motus.site\/ro\/wp-json\/wp\/v2\/comments?post=4580"}],"version-history":[{"count":2,"href":"https:\/\/motus.site\/ro\/wp-json\/wp\/v2\/pages\/4580\/revisions"}],"predecessor-version":[{"id":4996,"href":"https:\/\/motus.site\/ro\/wp-json\/wp\/v2\/pages\/4580\/revisions\/4996"}],"wp:attachment":[{"href":"https:\/\/motus.site\/ro\/wp-json\/wp\/v2\/media?parent=4580"}],"curies":[{"name":"wp","href":"https:\/\/api.w.org\/{rel}","templated":true}]}}