{"id":4578,"date":"2024-05-16T09:53:11","date_gmt":"2024-05-16T09:53:11","guid":{"rendered":"https:\/\/motus.site\/politica-de-privacidade\/"},"modified":"2025-03-11T21:14:44","modified_gmt":"2025-03-11T21:14:44","slug":"politica-de-privacidade","status":"publish","type":"page","link":"https:\/\/motus.site\/ro\/politica-de-privacidade\/","title":{"rendered":"Politica de confiden\u021bialitate"},"content":{"rendered":"<h2>Politica de confiden\u021bialitate pentru Motus<\/h2>\n<p>La Motus, accesibil de pe https:\/\/motus.site\/, una dintre priorit\u0103\u021bile noastre principale este confiden\u021bialitatea vizitatorilor no\u0219tri. Acest document privind politica de confiden\u021bialitate con\u021bine tipuri de informa\u021bii care sunt colectate \u0219i \u00eenregistrate de Motuse \u0219i modul \u00een care le folosim.<\/p>\n<p>Dac\u0103 ave\u021bi \u00eentreb\u0103ri suplimentare sau ave\u021bi nevoie de mai multe informa\u021bii despre Politica noastr\u0103 de confiden\u021bialitate, v\u0103 rug\u0103m s\u0103 nu ezita\u021bi s\u0103 ne contacta\u021bi.<\/p>\n<h2>Consim\u0163\u0103m\u00e2nt<\/h2>\n<p>Folosind site-ul nostru, sunte\u021bi de acord cu Politica noastr\u0103 de confiden\u021bialitate \u0219i sunte\u021bi de acord cu termenii acesteia.<\/p>\n<h2>Informa\u021biile pe care le colect\u0103m<\/h2>\n<p>Informa\u021biile personale pe care vi se cere s\u0103 le furniza\u021bi \u0219i motivele pentru care vi se cere s\u0103 le furniza\u021bi v\u0103 vor fi clarificate atunci c\u00e2nd v\u0103 cerem s\u0103 furniza\u021bi informa\u021biile dumneavoastr\u0103 personale.<\/p>\n<p>Dac\u0103 ne contacta\u021bi direct, este posibil s\u0103 primim informa\u021bii suplimentare despre dvs., cum ar fi numele dvs., contato@motus.site, num\u0103rul de telefon, con\u021binutul mesajului \u0219i\/sau ata\u0219amentele pe care ni le pute\u021bi trimite \u0219i orice alte informa\u021bii pe care le alege\u021bi a oferi .<\/p>\n<p>C\u00e2nd v\u0103 \u00eenregistra\u021bi pentru un Cont, este posibil s\u0103 v\u0103 solicit\u0103m informa\u021biile de contact, inclusiv elemente precum numele, Motus, adresa, contact@motus.site \u0219i num\u0103rul de telefon.<\/p>\n<h2>Cum folosim informa\u021biile dvs<\/h2>\n<p>Folosim informa\u021biile pe care le colect\u0103m \u00eentr-o varietate de moduri, inclusiv pentru:<\/p>\n<ul>\n<li>Furnizarea, operarea \u0219i \u00eentre\u021binerea site-ului nostru web<\/li>\n<li>\u00cembun\u0103t\u0103\u021bi\u021bi, personaliza\u021bi \u0219i extinde\u021bi site-ul nostru web<\/li>\n<li>\u00cen\u021belege\u021bi \u0219i analiza\u021bi modul \u00een care utiliza\u021bi site-ul nostru<\/li>\n<li>Dezvolta\u021bi noi produse, servicii, caracteristici \u0219i func\u021bionalit\u0103\u021bi<\/li>\n<li>Comunica\u021bi cu dvs., fie direct, fie prin intermediul unuia dintre partenerii no\u0219tri, inclusiv pentru serviciul clien\u021bi, pentru a v\u0103 oferi actualiz\u0103ri \u0219i alte informa\u021bii referitoare la site-ul web \u0219i \u00een scopuri de marketing \u0219i promo\u021bionale<\/li>\n<li>\u00ce\u021bi trimit e-mailuri<\/li>\n<li>G\u0103si\u021bi \u0219i evita\u021bi frauda<\/li>\n<\/ul>\n<h2>Fi\u0219iere jurnal<\/h2>\n<p>Motus urmeaz\u0103 o procedur\u0103 standard de utilizare a fi\u0219ierelor jurnal. Aceste fi\u0219iere \u00eenregistreaz\u0103 vizitatorii atunci c\u00e2nd viziteaz\u0103 site-uri web. Toate companiile de g\u0103zduire fac acest lucru \u0219i face parte din revizuirea serviciilor de g\u0103zduire. Informa\u021biile colectate de fi\u0219ierele jurnal includ adrese de protocol de internet (IP), tipul de browser, furnizorul de servicii de internet (ISP), marcajul de dat\u0103 \u0219i or\u0103, pagini de referin\u021b\u0103\/ie\u0219ire \u0219i, eventual, num\u0103rul de clicuri. Ele nu sunt legate de nicio informa\u021bie de identificare personal\u0103. Scopul informa\u021biilor este de a analiza tendin\u021be, de a administra site-ul, de a urm\u0103ri mi\u0219carea utilizatorilor pe site \u0219i de a culege informa\u021bii demografice.<\/p>\n<h2>Cookie-uri \u0219i Web Beacons<\/h2>\n<p>Ca orice alt site web, Motus folose\u0219te \u201ecookie-uri\u201d. Aceste cookie-uri sunt folosite pentru a stoca informa\u021bii, inclusiv preferin\u021bele vizitatorilor \u0219i paginile de pe site-ul web pe care vizitatorul le-a accesat sau le-a vizitat. Informa\u021biile sunt folosite pentru a optimiza experien\u021ba utilizatorilor prin personalizarea con\u021binutului paginii noastre web pe baza tipului de browser al vizitatorilor \u0219i\/sau a altor informa\u021bii.<\/p>\n<p>Pentru mai multe informa\u021bii generale despre cookie-uri, citi\u021bi <a href=\"https:\/\/www.cookieconsent.com\/what-are-cookies\/\"> \u201eCe sunt cookie-urile\u201d <\/a>.<\/p>\n<h2>Cookie-ul Google DoubleClick DART<\/h2>\n<p>Google este un furnizor ter\u021b al site-ului nostru web. De asemenea, utilizeaz\u0103 cookie-uri, cunoscute sub numele de cookie-uri DART, pentru a difuza reclame vizitatorilor site-ului nostru pe baza vizitei acestora pe https:\/\/motus.site\/ \u0219i pe alte site-uri de pe internet. Cu toate acestea, vizitatorii pot alege s\u0103 refuze utilizarea cookie-urilor DART vizit\u00e2nd Politica de confiden\u021bialitate a re\u021belei de anun\u021buri \u0219i de con\u021binut Google la urm\u0103toarea adres\u0103 URL - <a href=\"https:\/\/policies.google.com\/technologies\/ads\">https:\/\/policies.google.com\/technologies\/ads<\/a><\/p>\n<h2>Partenerii no\u0219tri de publicitate<\/h2>\n<p>Unii agen\u021bi de publicitate de pe site-ul nostru pot folosi cookie-uri \u0219i semnalizatoare web. Partenerii no\u0219tri de publicitate sunt enumera\u021bi mai jos. Fiecare dintre partenerii no\u0219tri de publicitate are propria sa Politic\u0103 de confiden\u021bialitate pentru politicile privind datele utilizatorilor. Pentru a facilita accesul, am creat mai jos un hyperlink c\u0103tre Politicile lor de confiden\u021bialitate.<\/p>\n<ul>\n<li>Google<a href=\"https:\/\/policies.google.com\/technologies\/ads\">https:\/\/policies.google.com\/technologies\/ads<\/a><\/li>\n<\/ul>\n<h2>Politicile de confiden\u021bialitate ale partenerilor de publicitate<\/h2>\n<p>Pute\u021bi consulta aceast\u0103 list\u0103 pentru a g\u0103si Politica de confiden\u021bialitate pentru fiecare dintre partenerii de publicitate ai Motus.<\/p>\n<p>Serverele de anun\u021buri sau re\u021belele publicitare ter\u021b\u0103 parte utilizeaz\u0103 tehnologii precum cookie-uri, JavaScript sau Web Beacon-uri care sunt utilizate \u00een reclamele \u0219i link-urile respective care apar pe [name-company, care sunt trimise direct c\u0103tre browserul utilizatorilor. Ei primesc automat adresa dvs. IP atunci c\u00e2nd se \u00eent\u00e2mpl\u0103 acest lucru. Aceste tehnologii sunt folosite pentru a m\u0103sura eficacitatea campaniilor lor de publicitate \u0219i\/sau pentru a personaliza con\u021binutul publicitar pe care \u00eel vede\u021bi pe site-urile web pe care le vizita\u021bi.<\/p>\n<p>Re\u021bine\u021bi c\u0103 Motus nu are acces sau control asupra acestor cookie-uri care sunt utilizate de agen\u021bii de publicitate ter\u021bi.<\/p>\n<h2>Politicile de confiden\u021bialitate ale ter\u021bilor<\/h2>\n<p>Politica de confiden\u021bialitate nu se aplic\u0103 altor agen\u021bi de publicitate sau site-uri web. Astfel, v\u0103 sf\u0103tuim s\u0103 consulta\u021bi Politicile de confiden\u021bialitate respective ale acestor servere de anun\u021buri ter\u021be pentru informa\u021bii mai detaliate. Poate include practicile \u0219i instruc\u021biunile lor despre cum s\u0103 renun\u021bi la anumite op\u021biuni.<\/p>\n<p>Pute\u021bi alege s\u0103 dezactiva\u021bi cookie-urile prin op\u021biunile individuale ale browserului. Pentru a cunoa\u0219te informa\u021bii mai detaliate despre gestionarea cookie-urilor cu anumite browsere web, acestea pot fi g\u0103site pe site-urile respective ale browserelor.<\/p>\n<h2>Drepturi de confiden\u021bialitate CCPA (Nu vinde\u021bi informa\u021biile mele personale)<\/h2>\n<p>Conform CCPA, printre alte drepturi, consumatorii din California au dreptul la:<\/p>\n<p>Solicita\u021bi ca o companie care colecteaz\u0103 date personale ale unui consumator s\u0103 dezv\u0103luie categoriile \u0219i datele personale specifice pe care o companie le-a colectat despre consumatori.<\/p>\n<p>Solicita\u021bi unei companii s\u0103 \u0219tearg\u0103 toate datele personale despre consumator pe care le-a colectat o companie.<\/p>\n<p>Solicita\u021bi unei companii care vinde datele personale ale unui consumator s\u0103 nu v\u00e2nd\u0103 datele personale ale consumatorului.<\/p>\n<p>Dac\u0103 face\u021bi o cerere, avem o lun\u0103 pentru a r\u0103spunde. Dac\u0103 dori\u021bi s\u0103 v\u0103 exercita\u021bi oricare dintre aceste drepturi, v\u0103 rug\u0103m s\u0103 ne contacta\u021bi.<\/p>\n<h2>Drepturi de protec\u021bie a datelor GDPR<\/h2>\n<p>Am dori s\u0103 ne asigur\u0103m c\u0103 sunte\u021bi pe deplin con\u0219tient de toate drepturile dumneavoastr\u0103 de protec\u021bie a datelor. Fiecare utilizator are dreptul la urm\u0103toarele:<\/p>\n<p>Dreptul de acces \u2013 ave\u021bi dreptul de a solicita copii ale datelor dumneavoastr\u0103 personale. Este posibil s\u0103 percepem o mic\u0103 tax\u0103 pentru acest serviciu.<\/p>\n<p>Dreptul la rectificare \u2013 ave\u021bi dreptul de a solicita s\u0103 corect\u0103m orice informa\u021bii despre care crede\u021bi c\u0103 sunt inexacte. De asemenea, ave\u021bi dreptul de a solicita s\u0103 complet\u0103m informa\u021biile pe care le considera\u021bi incomplete.<\/p>\n<p>Dreptul la \u0219tergere \u2013 Ave\u021bi dreptul de a solicita \u0219tergerea datelor dumneavoastr\u0103 personale, \u00een anumite condi\u021bii.<\/p>\n<p>Dreptul de a restric\u021biona prelucrarea \u2013 Ave\u021bi dreptul de a solicita s\u0103 restric\u021bion\u0103m prelucrarea datelor dumneavoastr\u0103 cu caracter personal, \u00een anumite condi\u021bii.<\/p>\n<p>Dreptul de a v\u0103 opune prelucr\u0103rii \u2013 ave\u021bi dreptul de a v\u0103 opune prelucr\u0103rii de c\u0103tre noi a datelor dumneavoastr\u0103 cu caracter personal, \u00een anumite condi\u021bii.<\/p>\n<p>Dreptul la portabilitatea datelor \u2013 Ave\u021bi dreptul de a solicita s\u0103 transfer\u0103m datele pe care le-am colectat c\u0103tre o alt\u0103 organiza\u021bie sau direct c\u0103tre dumneavoastr\u0103, \u00een anumite condi\u021bii.<\/p>\n<p>Dac\u0103 face\u021bi o cerere, avem o lun\u0103 pentru a r\u0103spunde. Dac\u0103 dori\u021bi s\u0103 v\u0103 exercita\u021bi oricare dintre aceste drepturi, v\u0103 rug\u0103m s\u0103 ne contacta\u021bi.<\/p>\n<h2>Informa\u021bii pentru copii<\/h2>\n<p>O alt\u0103 parte a priorit\u0103\u021bii noastre este ad\u0103ugarea protec\u021biei copiilor \u00een timpul utiliz\u0103rii internetului. \u00cencuraj\u0103m p\u0103rin\u021bii \u0219i tutorii s\u0103 observe, s\u0103 participe \u0219i\/sau s\u0103 monitorizeze \u0219i s\u0103-\u0219i ghideze activit\u0103\u021bile online.<\/p>\n<p>Motus nu colecteaz\u0103 cu bun\u0103 \u0219tiin\u021b\u0103 nicio informa\u021bie de identificare personal\u0103 de la copiii cu v\u00e2rsta sub 13 ani. Dac\u0103 crede\u021bi c\u0103 copilul dvs. a furnizat acest tip de informa\u021bii pe site-ul nostru web, v\u0103 \u00eencuraj\u0103m cu t\u0103rie s\u0103 ne contacta\u021bi imediat \u0219i vom face tot posibilul pentru a elimina prompt astfel de informa\u021bii din eviden\u021bele noastre.<\/p>","protected":false},"excerpt":{"rendered":"<p>Pol\u00edtica de privacidade para Motus A Motus, acess\u00edvel em https:\/\/motus.site\/, uma das nossas principais prioridades \u00e9 a privacidade dos nossos visitantes. Este documento de Pol\u00edtica&#8230;<\/p>","protected":false},"author":2,"featured_media":0,"parent":0,"menu_order":0,"comment_status":"closed","ping_status":"closed","template":"","meta":{"footnotes":""},"class_list":["post-4578","page","type-page","status-publish","hentry"],"_links":{"self":[{"href":"https:\/\/motus.site\/ro\/wp-json\/wp\/v2\/pages\/4578","targetHints":{"allow":["GET"]}}],"collection":[{"href":"https:\/\/motus.site\/ro\/wp-json\/wp\/v2\/pages"}],"about":[{"href":"https:\/\/motus.site\/ro\/wp-json\/wp\/v2\/types\/page"}],"author":[{"embeddable":true,"href":"https:\/\/motus.site\/ro\/wp-json\/wp\/v2\/users\/2"}],"replies":[{"embeddable":true,"href":"https:\/\/motus.site\/ro\/wp-json\/wp\/v2\/comments?post=4578"}],"version-history":[{"count":4,"href":"https:\/\/motus.site\/ro\/wp-json\/wp\/v2\/pages\/4578\/revisions"}],"predecessor-version":[{"id":4995,"href":"https:\/\/motus.site\/ro\/wp-json\/wp\/v2\/pages\/4578\/revisions\/4995"}],"wp:attachment":[{"href":"https:\/\/motus.site\/ro\/wp-json\/wp\/v2\/media?parent=4578"}],"curies":[{"name":"wp","href":"https:\/\/api.w.org\/{rel}","templated":true}]}}