{"id":4582,"date":"2024-05-15T12:02:14","date_gmt":"2024-05-15T12:02:14","guid":{"rendered":"https:\/\/motus.site\/sobre\/"},"modified":"2024-05-15T12:02:14","modified_gmt":"2024-05-15T12:02:14","slug":"sobre","status":"publish","type":"page","link":"https:\/\/motus.site\/nl\/sobre\/","title":{"rendered":"Op"},"content":{"rendered":"<p>Als u vragen heeft over de site, adverteren en andere zaken, aarzel dan niet om contact met ons op te nemen. We staan te popelen om u te antwoorden op onze contactpagina. We werken 24 uur per dag op dit gebied en hebben voldoende ervaring om u te voorzien van <strong>contact@motus.site<\/strong><\/p>","protected":false},"excerpt":{"rendered":"<p>Se voc\u00ea tiver alguma d\u00favida sobre o Site, Publicidade e qualquer outro assunto, n\u00e3o hesite em nos contatar, estamos ansiosos para respond\u00ea-lo em nossa p\u00e1gina&#8230;<\/p>","protected":false},"author":2,"featured_media":0,"parent":0,"menu_order":0,"comment_status":"closed","ping_status":"closed","template":"","meta":{"footnotes":""},"class_list":["post-4582","page","type-page","status-publish","hentry"],"_links":{"self":[{"href":"https:\/\/motus.site\/nl\/wp-json\/wp\/v2\/pages\/4582","targetHints":{"allow":["GET"]}}],"collection":[{"href":"https:\/\/motus.site\/nl\/wp-json\/wp\/v2\/pages"}],"about":[{"href":"https:\/\/motus.site\/nl\/wp-json\/wp\/v2\/types\/page"}],"author":[{"embeddable":true,"href":"https:\/\/motus.site\/nl\/wp-json\/wp\/v2\/users\/2"}],"replies":[{"embeddable":true,"href":"https:\/\/motus.site\/nl\/wp-json\/wp\/v2\/comments?post=4582"}],"version-history":[{"count":1,"href":"https:\/\/motus.site\/nl\/wp-json\/wp\/v2\/pages\/4582\/revisions"}],"predecessor-version":[{"id":4585,"href":"https:\/\/motus.site\/nl\/wp-json\/wp\/v2\/pages\/4582\/revisions\/4585"}],"wp:attachment":[{"href":"https:\/\/motus.site\/nl\/wp-json\/wp\/v2\/media?parent=4582"}],"curies":[{"name":"wp","href":"https:\/\/api.w.org\/{rel}","templated":true}]}}