{"id":4580,"date":"2024-03-28T09:38:21","date_gmt":"2024-03-28T09:38:21","guid":{"rendered":"https:\/\/motus.site\/termos-e-condicoes\/"},"modified":"2025-03-11T21:15:52","modified_gmt":"2025-03-11T21:15:52","slug":"termos-e-condicoes","status":"publish","type":"page","link":"https:\/\/motus.site\/fr\/termos-e-condicoes\/","title":{"rendered":"Termes et conditions"},"content":{"rendered":"<h2><strong>Termes et conditions<\/strong><\/h2>\n<p>Bienvenue chez Motus !<\/p>\n<p>Les pr\u00e9sentes conditions g\u00e9n\u00e9rales d\u00e9crivent les r\u00e8gles et r\u00e9glementations relatives \u00e0 l&#039;utilisation de Motus, disponible \u00e0 l&#039;adresse https:\/\/motus.site\/.<\/p>\n<p>En acc\u00e9dant \u00e0 ce site web, vous acceptez les pr\u00e9sentes conditions g\u00e9n\u00e9rales. Si vous n&#039;acceptez pas l&#039;int\u00e9gralit\u00e9 des conditions g\u00e9n\u00e9rales \u00e9nonc\u00e9es sur cette page, veuillez cesser d&#039;utiliser Motus.<\/p>\n<p>La terminologie suivante s&#039;applique aux pr\u00e9sentes Conditions g\u00e9n\u00e9rales, \u00e0 la D\u00e9claration de confidentialit\u00e9, \u00e0 l&#039;Avis de non-responsabilit\u00e9 et \u00e0 tous les Accords\u00a0: \u00ab\u00a0Client\u00a0\u00bb, \u00ab\u00a0Vous\u00a0\u00bb et \u00ab\u00a0Votre\u00a0\u00bb d\u00e9signent la personne qui se connecte \u00e0 ce site web et se conforme aux conditions g\u00e9n\u00e9rales de la Soci\u00e9t\u00e9. \u00ab\u00a0La Soci\u00e9t\u00e9\u00a0\u00bb, \u00ab\u00a0Nous\u00a0\u00bb, \u00ab\u00a0Notre\u00a0\u00bb et \u00ab\u00a0Nos\u00a0\u00bb d\u00e9signent notre Soci\u00e9t\u00e9. \u00ab\u00a0Partie\u00a0\u00bb, \u00ab\u00a0Parties\u00a0\u00bb ou \u00ab\u00a0Nous\u00a0\u00bb d\u00e9signent le Client et nous-m\u00eames. Tous les termes font r\u00e9f\u00e9rence \u00e0 l&#039;offre, \u00e0 l&#039;acceptation et \u00e0 la contrepartie n\u00e9cessaires \u00e0 la mise en \u0153uvre de notre assistance au Client de la mani\u00e8re la plus appropri\u00e9e, dans le but pr\u00e9cis de r\u00e9pondre \u00e0 ses besoins concernant la fourniture des services de la Soci\u00e9t\u00e9, conform\u00e9ment \u00e0 la l\u00e9gislation n\u00e9erlandaise en vigueur. Toute utilisation de la terminologie ci-dessus ou d&#039;autres termes au singulier, au pluriel, avec ou sans majuscules, ou encore l&#039;emploi des pronoms \u00ab\u00a0il\u00a0\u00bb et \u00ab\u00a0elle\u00a0\u00bb, est consid\u00e9r\u00e9e comme interchangeable et se r\u00e9f\u00e8re donc \u00e0 la m\u00eame chose.<\/p>\n<h3><strong>Cookies<\/strong><\/h3>\n<p>Nous utilisons des cookies. En acc\u00e9dant \u00e0 Motus, vous acceptez l&#039;utilisation de cookies conform\u00e9ment \u00e0 la politique de confidentialit\u00e9 de Motus.<\/p>\n<p>La plupart des sites web interactifs utilisent des cookies pour nous permettre de r\u00e9cup\u00e9rer les informations de l&#039;utilisateur lors de chaque visite. Notre site web utilise des cookies pour faciliter la navigation et am\u00e9liorer l&#039;exp\u00e9rience utilisateur. Certains de nos partenaires affili\u00e9s ou publicitaires peuvent \u00e9galement utiliser des cookies.<\/p>\n<h3><strong>Licence<\/strong><\/h3>\n<p>Sauf indication contraire, Motus et\/ou ses conc\u00e9dants de licence d\u00e9tiennent les droits de propri\u00e9t\u00e9 intellectuelle sur l&#039;ensemble du contenu du site [nom de l&#039;entreprise]. Tous droits r\u00e9serv\u00e9s. Vous pouvez acc\u00e9der \u00e0 ce contenu depuis Motus pour votre usage personnel, sous r\u00e9serve des restrictions \u00e9nonc\u00e9es dans les pr\u00e9sentes conditions g\u00e9n\u00e9rales.<\/p>\n<p>Vous ne devriez pas :<\/p>\n<ul>\n<li>R\u00e9\u00e9dition de mat\u00e9riel de Motus<\/li>\n<li>Vente, location ou sous-licence du mat\u00e9riel Motus<\/li>\n<li>La reproduction, la duplication ou la copie du mat\u00e9riel Motus sont interdites.<\/li>\n<li>Redistribuez le contenu de Motus<\/li>\n<\/ul>\n<p>Le pr\u00e9sent accord prend effet \u00e0 cette date. Nos conditions g\u00e9n\u00e9rales ont \u00e9t\u00e9 \u00e9labor\u00e9es avec l&#039;aide de <a href=\"https:\/\/www.termsandconditionsgenerator.com\">G\u00e9n\u00e9rateur de conditions g\u00e9n\u00e9rales<\/a> et le <a href=\"https:\/\/www.generateprivacypolicy.com\">g\u00e9n\u00e9rateur de politique de confidentialit\u00e9<\/a>.<\/p>\n<p>Certaines parties de ce site web offrent aux utilisateurs la possibilit\u00e9 de publier et d&#039;\u00e9changer des opinions et des informations. Motus ne filtre, ne modifie, ne publie ni ne v\u00e9rifie les commentaires avant leur publication sur le site. Les commentaires n&#039;engagent que leurs auteurs et ne refl\u00e8tent pas les opinions de Motus, de ses repr\u00e9sentants et\/ou de ses soci\u00e9t\u00e9s affili\u00e9es. Dans les limites permises par la loi applicable, Motus d\u00e9cline toute responsabilit\u00e9 quant aux commentaires et \u00e0 tout dommage, pr\u00e9judice ou frais r\u00e9sultant de leur utilisation, publication ou affichage sur ce site web.<\/p>\n<p>Motus se r\u00e9serve le droit de surveiller tous les commentaires et de supprimer tout commentaire jug\u00e9 inappropri\u00e9, offensant ou contraire aux pr\u00e9sentes conditions g\u00e9n\u00e9rales.<\/p>\n<p>Vous garantissez et d\u00e9clarez que\u00a0:<\/p>\n<ul>\n<li>Vous avez le droit de publier les commentaires sur notre site web et disposez de toutes les licences et autorisations n\u00e9cessaires pour ce faire\u00a0;<\/li>\n<li>Les commentaires ne portent pas atteinte aux droits de propri\u00e9t\u00e9 intellectuelle, y compris, sans limitation, aux droits d&#039;auteur, aux brevets ou aux marques de commerce de tiers\u00a0;<\/li>\n<li>Les commentaires ne contiennent aucun \u00e9l\u00e9ment diffamatoire, injurieux, offensant, ind\u00e9cent ou autrement ill\u00e9gal qui constitue une atteinte \u00e0 la vie priv\u00e9e.<\/li>\n<li>Les commentaires ne seront pas utilis\u00e9s \u00e0 des fins de sollicitation ou de promotion commerciale, ni pour personnaliser ou pr\u00e9senter des activit\u00e9s commerciales ou ill\u00e9gales.<\/li>\n<\/ul>\n<p>Vous accordez \u00e0 Motus une licence non exclusive d&#039;utilisation, de reproduction, de modification et d&#039;autorisation \u00e0 des tiers d&#039;utiliser, de reproduire et de modifier vos commentaires, sous quelque forme, format ou support que ce soit.<\/p>\n<h3><strong>Lien hypertexte vers notre contenu<\/strong><\/h3>\n<p>Les organisations suivantes peuvent cr\u00e9er un lien vers notre site web sans autorisation \u00e9crite pr\u00e9alable\u00a0:<\/p>\n<ul>\n<li>agences gouvernementales;<\/li>\n<li>Moteurs de recherche ;<\/li>\n<li>Organismes de presse ;<\/li>\n<li>Les distributeurs d&#039;annuaires en ligne peuvent cr\u00e9er des liens vers notre site Web de la m\u00eame mani\u00e8re qu&#039;ils cr\u00e9ent des liens hypertextes vers les sites Web d&#039;autres entreprises r\u00e9pertori\u00e9es\u00a0; et<\/li>\n<li>Les entreprises accr\u00e9dit\u00e9es dans l&#039;ensemble du syst\u00e8me, \u00e0 l&#039;exception des demandes provenant d&#039;organismes sans but lucratif, de centres commerciaux caritatifs et de groupes de collecte de fonds caritatifs qui ne peuvent pas avoir de lien vers notre site Web.<\/li>\n<\/ul>\n<p>Ces organisations peuvent avoir des liens vers notre page d&#039;accueil, nos publications ou d&#039;autres informations de notre site Web, \u00e0 condition que le lien\u00a0: (a) ne soit en aucun cas trompeur\u00a0; (b) n&#039;implique pas faussement un parrainage, une approbation ou un soutien de la partie \u00e9tablissant le lien et de ses produits et\/ou services\u00a0; et (c) s&#039;inscrive dans le contexte du site de la partie \u00e9tablissant le lien.<\/p>\n<p>Nous pouvons examiner et approuver d&#039;autres demandes de liens provenant des types d&#039;organisations suivants\u00a0: \/p&gt;<\/p>\n<ul>\n<li>sources d&#039;information commerciales et\/ou grand public bien connues ;<\/li>\n<li>sites communautaires .com\u00a0;<\/li>\n<li>associations ou autres groupes qui repr\u00e9sentent des institutions caritatives;<\/li>\n<li>distributeurs d&#039;annuaires en ligne\u00a0;<\/li>\n<li>portails internet ;<\/li>\n<li>cabinets comptables, juridiques et de conseil ; et<\/li>\n<li>\u00e9tablissements d&#039;enseignement et associations professionnelles.<\/li>\n<\/ul>\n<p>Nous approuverons les demandes de liens provenant de ces organisations si nous estimons que\u00a0: (a) le lien ne nous porte pas pr\u00e9judice, ni \u00e0 nous ni \u00e0 nos entreprises accr\u00e9dit\u00e9es\u00a0; (b) l\u2019organisation n\u2019a aucun ant\u00e9c\u00e9dent n\u00e9gatif avec nous\u00a0; (c) le b\u00e9n\u00e9fice que nous retirons de la visibilit\u00e9 du lien hypertexte est sup\u00e9rieur \u00e0 l\u2019absence de Motus\u00a0; et (d) le lien s\u2019inscrit dans le cadre d\u2019informations g\u00e9n\u00e9rales sur les ressources.<\/p>\n<p>Ces organisations peuvent cr\u00e9er un lien vers notre page d&#039;accueil \u00e0 condition que le lien\u00a0: (a) ne soit en aucun cas trompeur\u00a0; (b) n&#039;implique pas faussement un parrainage, une approbation ou un soutien de la partie qui cr\u00e9e le lien et de ses produits ou services\u00a0; et (c) s&#039;inscrive dans le contexte du site de la partie qui cr\u00e9e le lien.<\/p>\n<p>Si vous faites partie des organisations mentionn\u00e9es au paragraphe 2 ci-dessus et que vous souhaitez cr\u00e9er un lien vers notre site web, veuillez nous en informer par courriel \u00e0 l&#039;adresse Motus. Merci d&#039;indiquer votre nom, le nom de votre organisation, vos coordonn\u00e9es, l&#039;URL de votre site web, la liste des URL depuis lesquelles vous pr\u00e9voyez de cr\u00e9er des liens vers notre site, ainsi que la liste des URL de notre site vers lesquelles vous souhaitez cr\u00e9er des liens. Veuillez pr\u00e9voir un d\u00e9lai de r\u00e9ponse de 2 \u00e0 3 semaines.<\/p>\n<p>Les organismes agr\u00e9\u00e9s peuvent cr\u00e9er un lien hypertexte vers notre site Web comme suit\u00a0:<\/p>\n<ul>\n<li>En utilisant notre nom commercial; ou<\/li>\n<li>En utilisant l&#039;URL \u00e0 laquelle elle est li\u00e9e ; ou<\/li>\n<li>En utilisant toute autre description provenant de notre site li\u00e9 qui soit pertinente dans le contexte et le format du contenu du site de la partie li\u00e9e.<\/li>\n<\/ul>\n<p>Sans l&#039;utilisation de Motus, le logo ou toute autre illustration sera autoris\u00e9 pour la cr\u00e9ation de liens, en l&#039;absence d&#039;un accord de licence de marque.<\/p>\n<h3><strong>iFrames<\/strong><\/h3>\n<p>Sans autorisation \u00e9crite pr\u00e9alable, vous ne pouvez pas cr\u00e9er de cadres autour de nos pages Web qui modifient de quelque mani\u00e8re que ce soit la pr\u00e9sentation visuelle ou l&#039;apparence de notre site Web.<\/p>\n<h3><strong>Responsabilit\u00e9 du contenu<\/strong><\/h3>\n<p>Nous d\u00e9clinons toute responsabilit\u00e9 quant au contenu figurant sur votre site web. Vous vous engagez \u00e0 nous prot\u00e9ger et \u00e0 nous d\u00e9fendre contre toute r\u00e9clamation \u00e9manant de votre site web. Aucun lien ne doit appara\u00eetre sur un site web dont le contenu pourrait \u00eatre interpr\u00e9t\u00e9 comme diffamatoire, obsc\u00e8ne ou criminel, ou qui enfreint, viole ou encourage l&#039;infraction ou la violation des droits de tiers.<\/p>\n<h3><strong>Votre vie priv\u00e9e<\/strong><\/h3>\n<p>Consultez la politique de confidentialit\u00e9<\/p>\n<h3><strong>R\u00e9serve de droits<\/strong><\/h3>\n<p>Nous nous r\u00e9servons le droit d&#039;exiger la suppression de tous les liens ou d&#039;un lien sp\u00e9cifique vers notre site web. Vous acceptez la suppression imm\u00e9diate de tous les liens vers notre site web sur simple demande. Nous nous r\u00e9servons \u00e9galement le droit de modifier ces conditions g\u00e9n\u00e9rales et notre politique de liens \u00e0 tout moment. En continuant \u00e0 cr\u00e9er des liens vers notre site web, vous acceptez d&#039;\u00eatre li\u00e9 par ces conditions g\u00e9n\u00e9rales relatives aux liens et de les respecter.<\/p>\n<h3><strong> Suppression des liens de notre site web<\/strong><\/h3>\n<p>Si vous trouvez sur notre site web un lien qui vous semble inappropri\u00e9, n&#039;h\u00e9sitez pas \u00e0 nous contacter pour nous le signaler. Nous examinerons les demandes de suppression de liens, mais nous ne sommes pas tenus d&#039;y donner suite ni de vous r\u00e9pondre directement.<\/p>\n<p>Nous ne garantissons pas l&#039;exactitude, l&#039;exhaustivit\u00e9 ni la pr\u00e9cision des informations contenues sur ce site ; nous ne garantissons pas non plus la disponibilit\u00e9 permanente du site ni la mise \u00e0 jour r\u00e9guli\u00e8re de son contenu.<\/p>\n<h3><strong>Avis juridique<\/strong><\/h3>\n<p>Dans toute la mesure permise par la loi applicable, nous excluons toutes les d\u00e9clarations, garanties et conditions relatives \u00e0 notre site web et \u00e0 son utilisation. Rien dans cette clause de non-responsabilit\u00e9 ne saurait\u00a0:<\/p>\n<ul>\n<li>limiter ou exclure notre responsabilit\u00e9 ou votre responsabilit\u00e9 en cas de d\u00e9c\u00e8s ou de blessure corporelle\u00a0;<\/li>\n<li>limiter ou exclure notre responsabilit\u00e9 ou votre responsabilit\u00e9 en cas de fraude ou de fausse d\u00e9claration frauduleuse\u00a0;<\/li>\n<li>limiter nos responsabilit\u00e9s d&#039;une mani\u00e8re non autoris\u00e9e par la loi applicable ; ou<\/li>\n<li>exclure toute responsabilit\u00e9 qui ne peut \u00eatre exclue en vertu du droit applicable.<\/li>\n<\/ul>\n<p>Les limitations et exclusions de responsabilit\u00e9 \u00e9nonc\u00e9es dans la pr\u00e9sente section et ailleurs dans cette clause de non-responsabilit\u00e9\u00a0: a) sont soumises au paragraphe pr\u00e9c\u00e9dent\u00a0; et b) r\u00e9gissent toutes les responsabilit\u00e9s d\u00e9coulant de la clause de non-responsabilit\u00e9, y compris les responsabilit\u00e9s d\u00e9coulant de contrats, de d\u00e9lits et de manquements \u00e0 des obligations l\u00e9gales.<\/p>\n<p>Tant que le site web et les informations et services qu&#039;il contient sont fournis gratuitement, nous ne serons pas responsables des pertes ou dommages de quelque nature que ce soit.<\/p>","protected":false},"excerpt":{"rendered":"<p>Termos e Condi\u00e7\u00f5es Bem-vindo ao Motus! Estes termos e condi\u00e7\u00f5es descrevem as regras e regulamentos para o uso de Motus, localizado em https:\/\/motus.site\/. Ao acessar&#8230;<\/p>","protected":false},"author":2,"featured_media":0,"parent":0,"menu_order":0,"comment_status":"closed","ping_status":"closed","template":"","meta":{"footnotes":""},"class_list":["post-4580","page","type-page","status-publish","hentry"],"_links":{"self":[{"href":"https:\/\/motus.site\/fr\/wp-json\/wp\/v2\/pages\/4580","targetHints":{"allow":["GET"]}}],"collection":[{"href":"https:\/\/motus.site\/fr\/wp-json\/wp\/v2\/pages"}],"about":[{"href":"https:\/\/motus.site\/fr\/wp-json\/wp\/v2\/types\/page"}],"author":[{"embeddable":true,"href":"https:\/\/motus.site\/fr\/wp-json\/wp\/v2\/users\/2"}],"replies":[{"embeddable":true,"href":"https:\/\/motus.site\/fr\/wp-json\/wp\/v2\/comments?post=4580"}],"version-history":[{"count":2,"href":"https:\/\/motus.site\/fr\/wp-json\/wp\/v2\/pages\/4580\/revisions"}],"predecessor-version":[{"id":4996,"href":"https:\/\/motus.site\/fr\/wp-json\/wp\/v2\/pages\/4580\/revisions\/4996"}],"wp:attachment":[{"href":"https:\/\/motus.site\/fr\/wp-json\/wp\/v2\/media?parent=4580"}],"curies":[{"name":"wp","href":"https:\/\/api.w.org\/{rel}","templated":true}]}}