{"id":4578,"date":"2024-05-16T09:53:11","date_gmt":"2024-05-16T09:53:11","guid":{"rendered":"https:\/\/motus.site\/politica-de-privacidade\/"},"modified":"2025-03-11T21:14:44","modified_gmt":"2025-03-11T21:14:44","slug":"politica-de-privacidade","status":"publish","type":"page","link":"https:\/\/motus.site\/fr\/politica-de-privacidade\/","title":{"rendered":"politique de confidentialit\u00e9"},"content":{"rendered":"<h2>Politique de confidentialit\u00e9 de Motus<\/h2>\n<p>Chez Motus, accessible \u00e0 l&#039;adresse https:\/\/motus.site\/, la confidentialit\u00e9 de nos visiteurs est l&#039;une de nos principales priorit\u00e9s. Cette politique de confidentialit\u00e9 d\u00e9crit les types d&#039;informations collect\u00e9es et enregistr\u00e9es par Motus, ainsi que la mani\u00e8re dont nous les utilisons.<\/p>\n<p>Si vous avez des questions suppl\u00e9mentaires ou souhaitez plus d&#039;informations sur notre politique de confidentialit\u00e9, n&#039;h\u00e9sitez pas \u00e0 nous contacter.<\/p>\n<h2>Consentement<\/h2>\n<p>En utilisant notre site Web, vous consentez par la pr\u00e9sente \u00e0 notre politique de confidentialit\u00e9 et acceptez ses conditions.<\/p>\n<h2>Informations que nous collectons<\/h2>\n<p>Les informations personnelles que vous \u00eates invit\u00e9 \u00e0 fournir, ainsi que les raisons pour lesquelles vous \u00eates invit\u00e9 \u00e0 les fournir, vous seront clairement indiqu\u00e9es au moment o\u00f9 nous vous demanderons de fournir vos informations personnelles.<\/p>\n<p>Si vous nous contactez directement, nous pouvons recevoir des informations suppl\u00e9mentaires vous concernant telles que votre nom, contact@motus.site, num\u00e9ro de t\u00e9l\u00e9phone, le contenu du message et\/ou des pi\u00e8ces jointes que vous pouvez nous envoyer, ainsi que toute autre information que vous pouvez choisir de fournir.<\/p>\n<p>Lorsque vous cr\u00e9ez un compte, nous pouvons vous demander vos coordonn\u00e9es, y compris des \u00e9l\u00e9ments tels que votre nom, votre motus, votre adresse, contact@motus.site et votre num\u00e9ro de t\u00e9l\u00e9phone.<\/p>\n<h2>Comment nous utilisons vos informations<\/h2>\n<p>Nous utilisons les informations que nous collectons de diverses mani\u00e8res, notamment pour :<\/p>\n<ul>\n<li>Fournir, exploiter et maintenir notre site Web<\/li>\n<li>Am\u00e9liorer, personnaliser et d\u00e9velopper notre site Web<\/li>\n<li>Comprendre et analyser comment vous utilisez notre site Web<\/li>\n<li>D\u00e9velopper de nouveaux produits, services, fonctionnalit\u00e9s et caract\u00e9ristiques<\/li>\n<li>Communiquer avec vous, directement ou par l&#039;interm\u00e9diaire de l&#039;un de nos partenaires, notamment pour le service client, pour vous fournir des mises \u00e0 jour et d&#039;autres informations relatives au site Web, et \u00e0 des fins de marketing et de promotion<\/li>\n<li>Vous envoyer des e-mails<\/li>\n<li>Trouver et \u00e9viter les escroqueries<\/li>\n<\/ul>\n<h2>Fichiers journaux<\/h2>\n<p>Motus utilise des fichiers journaux selon une proc\u00e9dure standard. Ces fichiers enregistrent les visiteurs lorsqu&#039;ils visitent des sites web. Tous les h\u00e9bergeurs utilisent cette m\u00e9thode et participent \u00e0 l&#039;analyse de leurs services d&#039;h\u00e9bergement. Les informations collect\u00e9es par les fichiers journaux incluent l&#039;adresse IP (protocole Internet), le type de navigateur, le fournisseur d&#039;acc\u00e8s \u00e0 Internet (FAI), la date et l&#039;heure, les pages de renvoi\/sortie et, \u00e9ventuellement, le nombre de clics. Elles ne sont li\u00e9es \u00e0 aucune information permettant de vous identifier personnellement. Ces informations servent \u00e0 analyser les tendances, \u00e0 administrer le site, \u00e0 suivre les d\u00e9placements des utilisateurs et \u00e0 recueillir des informations d\u00e9mographiques.<\/p>\n<h2>Cookies et balises Web<\/h2>\n<p>Comme tout autre site web, Motus utilise des cookies. Ces cookies servent \u00e0 stocker des informations, notamment les pr\u00e9f\u00e9rences des visiteurs et les pages du site web consult\u00e9es. Ces informations servent \u00e0 optimiser l&#039;exp\u00e9rience utilisateur en personnalisant le contenu de nos pages web en fonction du type de navigateur du visiteur et\/ou d&#039;autres informations.<\/p>\n<p>Pour plus d&#039;informations g\u00e9n\u00e9rales sur les cookies, veuillez lire <a href=\"https:\/\/www.cookieconsent.com\/what-are-cookies\/\"> \u00ab\u00a0Que sont les cookies\u00a0\u00bb <\/a>.<\/p>\n<h2>Cookie Google DoubleClick DART<\/h2>\n<p>Google est un fournisseur tiers sur notre site. Il utilise \u00e9galement des cookies DART pour diffuser des annonces aux visiteurs de notre site en fonction de leur visite sur https:\/\/motus.site\/ et d&#039;autres sites Internet. Cependant, les visiteurs peuvent refuser l&#039;utilisation des cookies DART en consultant la Politique de confidentialit\u00e9 du r\u00e9seau de contenu et d&#039;annonces Google \u00e0 l&#039;adresse suivante\u00a0: <a href=\"https:\/\/policies.google.com\/technologies\/ads\">https:\/\/policies.google.com\/technologies\/ads<\/a><\/p>\n<h2>Nos partenaires publicitaires<\/h2>\n<p>Certains annonceurs sur notre site peuvent utiliser des cookies et des balises web. Nos partenaires publicitaires sont list\u00e9s ci-dessous. Chacun de nos partenaires publicitaires dispose de sa propre politique de confidentialit\u00e9 relative aux donn\u00e9es utilisateur. Pour un acc\u00e8s plus facile, vous trouverez ci-dessous un lien hypertexte vers leurs politiques de confidentialit\u00e9.<\/p>\n<ul>\n<li>Google<a href=\"https:\/\/policies.google.com\/technologies\/ads\">https:\/\/policies.google.com\/technologies\/ads<\/a><\/li>\n<\/ul>\n<h2>Politiques de confidentialit\u00e9 des partenaires publicitaires<\/h2>\n<p>Vous pouvez consulter cette liste pour trouver la politique de confidentialit\u00e9 de chacun des partenaires publicitaires de Motus.<\/p>\n<p>Les serveurs publicitaires ou r\u00e9seaux publicitaires tiers utilisent des technologies telles que les cookies, JavaScript ou les balises web, int\u00e9gr\u00e9es \u00e0 leurs publicit\u00e9s et liens affich\u00e9s sur [nom-entreprise] et envoy\u00e9es directement aux navigateurs des utilisateurs. Ils re\u00e7oivent alors automatiquement votre adresse IP. Ces technologies servent \u00e0 mesurer l&#039;efficacit\u00e9 de leurs campagnes publicitaires et\/ou \u00e0 personnaliser le contenu publicitaire affich\u00e9 sur les sites web que vous consultez.<\/p>\n<p>Veuillez noter que Motus n&#039;a aucun acc\u00e8s ni contr\u00f4le sur ces cookies qui sont utilis\u00e9s par des annonceurs tiers.<\/p>\n<h2>Politiques de confidentialit\u00e9 des tiers<\/h2>\n<p>La Politique de confidentialit\u00e9 de ne s&#039;applique pas aux autres annonceurs ni aux sites web. Par cons\u00e9quent, nous vous conseillons de consulter les Politiques de confidentialit\u00e9 de ces serveurs publicitaires tiers pour plus d&#039;informations. Elles peuvent inclure leurs pratiques et des instructions sur la fa\u00e7on de d\u00e9sactiver certaines options.<\/p>\n<p>Vous pouvez choisir de d\u00e9sactiver les cookies via les options de votre navigateur. Pour plus d&#039;informations sur la gestion des cookies avec certains navigateurs, veuillez consulter les sites web respectifs de ces navigateurs.<\/p>\n<h2>Droits de confidentialit\u00e9 CCPA (Ne pas vendre mes informations personnelles)<\/h2>\n<p>En vertu du CCPA, entre autres droits, les consommateurs californiens ont le droit de :<\/p>\n<p>Demandez \u00e0 une entreprise qui collecte les donn\u00e9es personnelles d\u2019un consommateur de divulguer les cat\u00e9gories et les \u00e9l\u00e9ments sp\u00e9cifiques de donn\u00e9es personnelles qu\u2019une entreprise a collect\u00e9es sur les consommateurs.<\/p>\n<p>Demander \u00e0 une entreprise de supprimer toutes les donn\u00e9es personnelles sur le consommateur qu\u2019elle a collect\u00e9es.<\/p>\n<p>Demandez \u00e0 une entreprise qui vend les donn\u00e9es personnelles d&#039;un consommateur de ne pas vendre les donn\u00e9es personnelles du consommateur.<\/p>\n<p>Si vous faites une demande, nous disposons d&#039;un mois pour vous r\u00e9pondre. Si vous souhaitez exercer l&#039;un de ces droits, veuillez nous contacter.<\/p>\n<h2>Droits de protection des donn\u00e9es du RGPD<\/h2>\n<p>Nous souhaitons nous assurer que vous \u00eates pleinement inform\u00e9 de vos droits en mati\u00e8re de protection des donn\u00e9es. Chaque utilisateur a droit aux droits suivants\u00a0:<\/p>\n<p>Droit d&#039;acc\u00e8s \u2013 vous avez le droit de demander une copie de vos donn\u00e9es personnelles. Ce service peut \u00eatre factur\u00e9 moyennant des frais minimes.<\/p>\n<p>Droit de rectification \u2013 Vous avez le droit de nous demander de corriger toute information que vous jugez inexacte. Vous avez \u00e9galement le droit de nous demander de compl\u00e9ter les informations que vous jugez incompl\u00e8tes.<\/p>\n<p>Le droit \u00e0 l\u2019effacement \u2013 Vous avez le droit de demander que nous effacions vos donn\u00e9es personnelles, sous certaines conditions.<\/p>\n<p>Le droit de restreindre le traitement \u2013 Vous avez le droit de demander que nous restreignions le traitement de vos donn\u00e9es personnelles, sous certaines conditions.<\/p>\n<p>Le droit de s\u2019opposer au traitement \u2013 Vous avez le droit de vous opposer au traitement de vos donn\u00e9es personnelles, sous certaines conditions.<\/p>\n<p>Le droit \u00e0 la portabilit\u00e9 des donn\u00e9es \u2013 Vous avez le droit de demander que nous transf\u00e9rions les donn\u00e9es que nous avons collect\u00e9es \u00e0 une autre organisation, ou directement \u00e0 vous, sous certaines conditions.<\/p>\n<p>Si vous faites une demande, nous disposons d&#039;un mois pour vous r\u00e9pondre. Si vous souhaitez exercer l&#039;un de ces droits, veuillez nous contacter.<\/p>\n<h2>Informations pour les enfants<\/h2>\n<p>Une autre priorit\u00e9 est de renforcer la protection des enfants lorsqu&#039;ils utilisent Internet. Nous encourageons les parents et les tuteurs \u00e0 observer, participer, surveiller et encadrer leurs activit\u00e9s en ligne.<\/p>\n<p>Motus ne collecte pas sciemment d&#039;informations personnelles identifiables aupr\u00e8s d&#039;enfants de moins de 13 ans. Si vous pensez que votre enfant a fourni ce type d&#039;informations sur notre site Web, nous vous encourageons vivement \u00e0 nous contacter imm\u00e9diatement et nous ferons de notre mieux pour supprimer rapidement ces informations de nos dossiers.<\/p>","protected":false},"excerpt":{"rendered":"<p>Pol\u00edtica de privacidade para Motus A Motus, acess\u00edvel em https:\/\/motus.site\/, uma das nossas principais prioridades \u00e9 a privacidade dos nossos visitantes. Este documento de Pol\u00edtica&#8230;<\/p>","protected":false},"author":2,"featured_media":0,"parent":0,"menu_order":0,"comment_status":"closed","ping_status":"closed","template":"","meta":{"footnotes":""},"class_list":["post-4578","page","type-page","status-publish","hentry"],"_links":{"self":[{"href":"https:\/\/motus.site\/fr\/wp-json\/wp\/v2\/pages\/4578","targetHints":{"allow":["GET"]}}],"collection":[{"href":"https:\/\/motus.site\/fr\/wp-json\/wp\/v2\/pages"}],"about":[{"href":"https:\/\/motus.site\/fr\/wp-json\/wp\/v2\/types\/page"}],"author":[{"embeddable":true,"href":"https:\/\/motus.site\/fr\/wp-json\/wp\/v2\/users\/2"}],"replies":[{"embeddable":true,"href":"https:\/\/motus.site\/fr\/wp-json\/wp\/v2\/comments?post=4578"}],"version-history":[{"count":4,"href":"https:\/\/motus.site\/fr\/wp-json\/wp\/v2\/pages\/4578\/revisions"}],"predecessor-version":[{"id":4995,"href":"https:\/\/motus.site\/fr\/wp-json\/wp\/v2\/pages\/4578\/revisions\/4995"}],"wp:attachment":[{"href":"https:\/\/motus.site\/fr\/wp-json\/wp\/v2\/media?parent=4578"}],"curies":[{"name":"wp","href":"https:\/\/api.w.org\/{rel}","templated":true}]}}