{"id":4578,"date":"2024-05-16T09:53:11","date_gmt":"2024-05-16T09:53:11","guid":{"rendered":"https:\/\/motus.site\/politica-de-privacidade\/"},"modified":"2025-03-11T21:14:44","modified_gmt":"2025-03-11T21:14:44","slug":"politica-de-privacidade","status":"publish","type":"page","link":"https:\/\/motus.site\/es\/politica-de-privacidade\/","title":{"rendered":"Pol\u00edtica de privacidad"},"content":{"rendered":"<h2>Pol\u00edtica de privacidad de Motus<\/h2>\n<p>En Motus, accesible desde https:\/\/motus.site\/, una de nuestras principales prioridades es la privacidad de nuestros visitantes. Este documento de Pol\u00edtica de privacidad contiene los tipos de informaci\u00f3n que recopila y registra Motuse y c\u00f3mo la usamos.<\/p>\n<p>Si tiene preguntas adicionales o necesita m\u00e1s informaci\u00f3n sobre nuestra Pol\u00edtica de Privacidad, no dude en contactarnos.<\/p>\n<h2>Consentir<\/h2>\n<p>Al utilizar nuestro sitio web, usted acepta nuestra Pol\u00edtica de privacidad y sus t\u00e9rminos.<\/p>\n<h2>Informaci\u00f3n que recopilamos<\/h2>\n<p>La informaci\u00f3n personal que se le solicita que proporcione y los motivos por los que se le solicita que la proporcione se le aclarar\u00e1n cuando le solicitemos que proporcione su informaci\u00f3n personal.<\/p>\n<p>Si se comunica con nosotros directamente, podemos recibir informaci\u00f3n adicional sobre usted, como su nombre, contato@motus.site, n\u00famero de tel\u00e9fono, el contenido del mensaje y\/o los archivos adjuntos que pueda enviarnos, y cualquier otra informaci\u00f3n que elija. para proporcionar.<\/p>\n<p>Cuando se registra para una cuenta, podemos solicitarle su informaci\u00f3n de contacto, incluidos elementos como nombre, Motus, direcci\u00f3n, contact@motus.site y n\u00famero de tel\u00e9fono.<\/p>\n<h2>C\u00f3mo utilizamos su informaci\u00f3n<\/h2>\n<p>Usamos la informaci\u00f3n que recopilamos de diversas maneras, que incluyen:<\/p>\n<ul>\n<li>Proporcionar, operar y mantener nuestro sitio web.<\/li>\n<li>Mejorar, personalizar y ampliar nuestro sitio web<\/li>\n<li>Comprender y analizar c\u00f3mo utiliza nuestro sitio web<\/li>\n<li>Desarrollar nuevos productos, servicios, caracter\u00edsticas y funcionalidades.<\/li>\n<li>Comunicarnos con usted, ya sea directamente o a trav\u00e9s de uno de nuestros socios, incluso para servicio al cliente, para brindarle actualizaciones y otra informaci\u00f3n relacionada con el sitio web y con fines promocionales y de marketing.<\/li>\n<li>Enviarte correos electr\u00f3nicos<\/li>\n<li>Encuentre y evite el fraude<\/li>\n<\/ul>\n<h2>Archivos de registro<\/h2>\n<p>Motus sigue un procedimiento est\u00e1ndar de uso de archivos de registro. Estos archivos registran a los visitantes cuando visitan sitios web. Todas las empresas de alojamiento hacen esto y es parte de la revisi\u00f3n de los servicios de alojamiento. La informaci\u00f3n recopilada por los archivos de registro incluye direcciones de protocolo de Internet (IP), tipo de navegador, proveedor de servicios de Internet (ISP), fecha y hora, p\u00e1ginas de referencia\/salida y posiblemente el n\u00famero de clics. No est\u00e1n vinculados a ninguna informaci\u00f3n de identificaci\u00f3n personal. El prop\u00f3sito de la informaci\u00f3n es analizar tendencias, administrar el sitio, rastrear el movimiento de los usuarios en el sitio web y recopilar informaci\u00f3n demogr\u00e1fica.<\/p>\n<h2>Cookies y balizas web<\/h2>\n<p>Como cualquier otro sitio web, Motus utiliza &#039;cookies&#039;. Estas cookies se utilizan para almacenar informaci\u00f3n, incluidas las preferencias de los visitantes y las p\u00e1ginas del sitio web a las que el visitante accedi\u00f3 o visit\u00f3. La informaci\u00f3n se utiliza para optimizar la experiencia de los usuarios personalizando el contenido de nuestra p\u00e1gina web en funci\u00f3n del tipo de navegador de los visitantes y\/u otra informaci\u00f3n.<\/p>\n<p>Para obtener m\u00e1s informaci\u00f3n general sobre las cookies, lea <a href=\"https:\/\/www.cookieconsent.com\/what-are-cookies\/\"> &#039;\u00bfQu\u00e9 son las galletas?&#039; <\/a>.<\/p>\n<h2>Cookie DART de doble clic de Google<\/h2>\n<p>Google es un proveedor externo de nuestro sitio web. Tambi\u00e9n utiliza cookies, conocidas como cookies DART, para mostrar anuncios a los visitantes de nuestro sitio en funci\u00f3n de su visita a https:\/\/motus.site\/ y otros sitios en Internet. Sin embargo, los visitantes pueden optar por rechazar el uso de cookies de DART visitando la Pol\u00edtica de privacidad de la red de contenido y publicidad de Google en la siguiente URL: <a href=\"https:\/\/policies.google.com\/technologies\/ads\">https:\/\/policies.google.com\/technologies\/ads<\/a><\/p>\n<h2>Nuestros socios publicitarios<\/h2>\n<p>Algunos anunciantes de nuestro sitio pueden utilizar cookies y balizas web. Nuestros socios publicitarios se enumeran a continuaci\u00f3n. Cada uno de nuestros socios publicitarios tiene su propia Pol\u00edtica de Privacidad para sus pol\u00edticas de datos de usuario. Para facilitar el acceso, hemos creado un hiperv\u00ednculo a sus Pol\u00edticas de Privacidad a continuaci\u00f3n.<\/p>\n<ul>\n<li>Google<a href=\"https:\/\/policies.google.com\/technologies\/ads\">https:\/\/policies.google.com\/technologies\/ads<\/a><\/li>\n<\/ul>\n<h2>Pol\u00edticas de privacidad de socios publicitarios<\/h2>\n<p>Puede consultar esta lista para encontrar la Pol\u00edtica de Privacidad de cada uno de los socios publicitarios de Motus.<\/p>\n<p>Los servidores o redes publicitarias de terceros utilizan tecnolog\u00edas como cookies, JavaScript o Web Beacons que se utilizan en sus respectivos anuncios y enlaces que aparecen en [nombre-empresa, que se env\u00edan directamente al navegador de los usuarios. Reciben autom\u00e1ticamente su direcci\u00f3n IP cuando esto ocurre. Estas tecnolog\u00edas se utilizan para medir la efectividad de sus campa\u00f1as publicitarias y\/o para personalizar el contenido publicitario que ve en los sitios web que visita.<\/p>\n<p>Tenga en cuenta que Motus no tiene acceso ni control sobre estas cookies que utilizan los anunciantes de terceros.<\/p>\n<h2>Pol\u00edticas de privacidad de terceros<\/h2>\n<p>La Pol\u00edtica de Privacidad no se aplica a otros anunciantes o sitios web. Por lo tanto, le recomendamos que consulte las respectivas Pol\u00edticas de Privacidad de estos servidores de anuncios de terceros para obtener informaci\u00f3n m\u00e1s detallada. Puede incluir sus pr\u00e1cticas e instrucciones sobre c\u00f3mo optar por no participar en determinadas opciones.<\/p>\n<p>Puede optar por desactivar las cookies a trav\u00e9s de las opciones individuales de su navegador. Para conocer informaci\u00f3n m\u00e1s detallada sobre la gesti\u00f3n de cookies con navegadores web espec\u00edficos, puede encontrarla en los sitios web respectivos de los navegadores.<\/p>\n<h2>Derechos de privacidad CCPA (no vender mi informaci\u00f3n personal)<\/h2>\n<p>Seg\u00fan la CCPA, entre otros derechos, los consumidores de California tienen derecho a:<\/p>\n<p>Solicitar que una empresa que recopila datos personales de un consumidor revele las categor\u00edas y los datos personales espec\u00edficos que una empresa ha recopilado sobre los consumidores.<\/p>\n<p>Solicitar que una empresa elimine todos los datos personales sobre el consumidor que haya recopilado.<\/p>\n<p>Solicitar que una empresa que vende datos personales de un consumidor no venda los datos personales del consumidor.<\/p>\n<p>Si realiza una solicitud, tenemos un mes para responder. Si desea ejercer alguno de estos derechos, p\u00f3ngase en contacto con nosotros.<\/p>\n<h2>Derechos de protecci\u00f3n de datos RGPD<\/h2>\n<p>Nos gustar\u00eda asegurarnos de que conoce plenamente todos sus derechos en materia de protecci\u00f3n de datos. Cada usuario tiene derecho a lo siguiente:<\/p>\n<p>El derecho de acceso: tiene derecho a solicitar copias de sus datos personales. Es posible que le cobremos una peque\u00f1a tarifa por este servicio.<\/p>\n<p>Derecho a rectificaci\u00f3n: tiene derecho a solicitar que corrijamos cualquier informaci\u00f3n que considere inexacta. Tambi\u00e9n tiene derecho a solicitar que completemos la informaci\u00f3n que considere incompleta.<\/p>\n<p>El derecho a la eliminaci\u00f3n: tiene derecho a solicitar la eliminaci\u00f3n de sus datos personales, bajo determinadas condiciones.<\/p>\n<p>El derecho a restringir el procesamiento: tiene derecho a solicitar que restrinjamos el procesamiento de sus datos personales, bajo ciertas condiciones.<\/p>\n<p>El derecho a oponerse al procesamiento: tiene derecho a oponerse a nuestro procesamiento de sus datos personales, bajo ciertas condiciones.<\/p>\n<p>El derecho a la portabilidad de los datos: tiene derecho a solicitar que transfiramos los datos que hemos recopilado a otra organizaci\u00f3n o directamente a usted, bajo ciertas condiciones.<\/p>\n<p>Si realiza una solicitud, tenemos un mes para responder. Si desea ejercer alguno de estos derechos, p\u00f3ngase en contacto con nosotros.<\/p>\n<h2>informaci\u00f3n infantil<\/h2>\n<p>Otra parte de nuestra prioridad es agregar protecci\u00f3n para los ni\u00f1os mientras usan Internet. Alentamos a los padres y tutores a observar, participar y\/o monitorear y guiar sus actividades en l\u00ednea.<\/p>\n<p>Motus no recopila intencionalmente informaci\u00f3n personal identificable de ni\u00f1os menores de 13 a\u00f1os. Si cree que su hijo proporcion\u00f3 este tipo de informaci\u00f3n en nuestro sitio web, le recomendamos encarecidamente que se comunique con nosotros de inmediato y haremos todo lo posible para eliminar dicha informaci\u00f3n de nuestros registros lo antes posible.<\/p>","protected":false},"excerpt":{"rendered":"<p>Pol\u00edtica de privacidade para Motus A Motus, acess\u00edvel em https:\/\/motus.site\/, uma das nossas principais prioridades \u00e9 a privacidade dos nossos visitantes. Este documento de Pol\u00edtica&#8230;<\/p>","protected":false},"author":2,"featured_media":0,"parent":0,"menu_order":0,"comment_status":"closed","ping_status":"closed","template":"","meta":{"footnotes":""},"class_list":["post-4578","page","type-page","status-publish","hentry"],"_links":{"self":[{"href":"https:\/\/motus.site\/es\/wp-json\/wp\/v2\/pages\/4578","targetHints":{"allow":["GET"]}}],"collection":[{"href":"https:\/\/motus.site\/es\/wp-json\/wp\/v2\/pages"}],"about":[{"href":"https:\/\/motus.site\/es\/wp-json\/wp\/v2\/types\/page"}],"author":[{"embeddable":true,"href":"https:\/\/motus.site\/es\/wp-json\/wp\/v2\/users\/2"}],"replies":[{"embeddable":true,"href":"https:\/\/motus.site\/es\/wp-json\/wp\/v2\/comments?post=4578"}],"version-history":[{"count":4,"href":"https:\/\/motus.site\/es\/wp-json\/wp\/v2\/pages\/4578\/revisions"}],"predecessor-version":[{"id":4995,"href":"https:\/\/motus.site\/es\/wp-json\/wp\/v2\/pages\/4578\/revisions\/4995"}],"wp:attachment":[{"href":"https:\/\/motus.site\/es\/wp-json\/wp\/v2\/media?parent=4578"}],"curies":[{"name":"wp","href":"https:\/\/api.w.org\/{rel}","templated":true}]}}