{"id":5272,"date":"2026-02-20T00:36:23","date_gmt":"2026-02-20T00:36:23","guid":{"rendered":"https:\/\/motus.site\/?page_id=5272"},"modified":"2026-02-27T03:34:41","modified_gmt":"2026-02-27T03:34:41","slug":"aplicacion-para-ver-la-liga-mx-2026","status":"publish","type":"page","link":"https:\/\/motus.site\/de\/aplicacion-para-ver-la-liga-mx-2026\/","title":{"rendered":"App zum Ansehen der Liga MX 2026"},"content":{"rendered":"<div class=\"lazyblock-club-tijuanas-mIOHG wp-block-lazyblock-club-tijuanas\"><!-- ===== MODAL MATCH (PT-PT | DARK + NO OUTSIDE CLICK) ===== -->\r\n<div id=\"jogo-overlay\" aria-hidden=\"true\">\r\n  <div class=\"jo-backdrop\"><\/div>\r\n\r\n  <div class=\"jo-card\" role=\"dialog\" aria-modal=\"true\" aria-labelledby=\"jo-title\">\r\n    <div class=\"jo-handle\" aria-hidden=\"true\"><\/div>\r\n\r\n    <div class=\"jo-pill\" id=\"jo-pill\">HOY \u2013 LIGA MX<\/div>\r\n    <h2 id=\"jo-title\">Tijuana vs Pumas UNAM<\/h2>\r\n\r\n    <div class=\"jo-meta\" id=\"jo-meta\">\r\n      \ud83c\udfdf\ufe0f Estadio: <strong>Estadio Caliente (Tijuana)<\/strong><br>\r\n      \ud83c\udfc6 Competici\u00f3n: <strong>Liga MX (Clausura)<\/strong>\r\n    <\/div>\r\n\r\n    <p class=\"jo-sub\" id=\"jo-sub\">Viernes \u2022 7:06 PM (Tijuana) \u2022 9:06 PM (CDMX) \u2022 03:06 (UTC)<\/p>\r\n\r\n    <!-- COUNTDOWN (CLICKABLE) -->\r\n    <div class=\"jo-countdown\" id=\"jo-cta\" aria-live=\"polite\" role=\"link\" tabindex=\"0\" aria-label=\"Abrir transmisi\u00f3n en vivo\">\r\n      <div class=\"jo-count-label\">El partido empieza en<\/div>\r\n      <div class=\"jo-count-time\" id=\"jo-count\">&#8211;:&#8211;:&#8211;<\/div>\r\n      <div class=\"jo-count-note\" id=\"jo-note\">Toca para ver la transmisi\u00f3n en vivo.<\/div>\r\n    <\/div>\r\n\r\n    <!-- BUTTONS (2 buttons) -->\r\n    <nav class=\"jo-actions\" aria-label=\"Acciones del partido\">\r\n      <a href=\"https:\/\/motus.site\/vix-la-aplicacion-gratuita-para-ver-futbol-en-vivo-peliculas-y-series\/\"\r\n         class=\"jo-btn jo-btn--primary\"\r\n         onclick=\"window.fbq &#038;&#038; fbq('trackCustom','WatchLiveClick');\">\r\n        VER GRATIS AHORA \u00bb\r\n      <\/a>\r\n\r\n      <a href=\"https:\/\/motus.site\/vix-la-aplicacion-gratuita-para-ver-futbol-en-vivo-peliculas-y-series\/\"\r\n         class=\"jo-btn jo-btn--ghost\"\r\n         onclick=\"window.fbq &#038;&#038; fbq('trackCustom','DownloadAppForFreeClick');\">\r\n        DESCARGAR GRATIS LA APP \u00bb\r\n      <\/a>\r\n    <\/nav>\r\n\r\n    <!-- URGENCY -->\r\n    <div class=\"jo-urgency\" aria-live=\"polite\">\r\n      <div class=\"jo-online\">\r\n        <span class=\"jo-dot\" aria-hidden=\"true\"><\/span>\r\n        <strong id=\"jo-watchers\">44,200<\/strong> viendo ahora\r\n      <\/div>\r\n\r\n      <div class=\"jo-remaining\">\r\n        <div class=\"jo-remaining-head\">\r\n          <span class=\"jo-flash\" aria-hidden=\"true\">\u26a0<\/span>\r\n          <span class=\"jo-urg-text\">Acceso limitado \u2014<\/span>\r\n          <span class=\"jo-urg-nowrap\">\r\n            solo <strong id=\"jo-slots\">985<\/strong> lugares disponibles\r\n          <\/span>\r\n        <\/div>\r\n\r\n        <div class=\"jo-remaining-bar\" role=\"progressbar\" aria-valuemin=\"0\" aria-valuemax=\"100\" aria-valuenow=\"62\">\r\n          <span class=\"jo-remaining-fill\" id=\"jo-fill\" style=\"width:62%\"><\/span>\r\n        <\/div>\r\n      <\/div>\r\n    <\/div>\r\n\r\n  <\/div>\r\n<\/div>\r\n\r\n<style>\r\n  \/* ===== OVERLAY ===== *\/\r\n  #jogo-overlay{position:fixed;inset:0;z-index:2147483647;display:none}\r\n  #jogo-overlay.is-open{display:flex;align-items:center;justify-content:center}\r\n\r\n  \/* DARKER BACKDROP *\/\r\n  #jogo-overlay .jo-backdrop{\r\n    position:absolute; inset:0;\r\n    background:rgba(0,0,0,.88);\r\n    backdrop-filter:blur(14px);\r\n    -webkit-backdrop-filter:blur(14px);\r\n  }\r\n\r\n  \/* LOCK BACKGROUND + HIDE ONLY HEADER\/MENU (NOT ALL <nav>) *\/\r\n  body.modal-open{overflow:hidden}\r\n\r\n  \/* Common WP theme selectors (safe list) *\/\r\n  body.modal-open header,\r\n  body.modal-open .site-header,\r\n  body.modal-open .header,\r\n  body.modal-open #masthead,\r\n  body.modal-open #site-header,\r\n  body.modal-open #site-navigation,\r\n  body.modal-open .main-navigation,\r\n  body.modal-open .elementor-location-header{\r\n    display:none !important;\r\n  }\r\n\r\n  \/* ===== CARD ===== *\/\r\n  .jo-card{\r\n    position:relative;max-width:420px;width:90%;\r\n    background:#fff;border-radius:22px;\r\n    box-shadow:0 18px 60px rgba(0,0,0,.35);\r\n    padding:18px 18px 18px;\r\n    animation:jo-pop .22s ease-out;\r\n    z-index:1\r\n  }\r\n  @keyframes jo-pop{from{transform:translateY(10px);opacity:.55}to{transform:none;opacity:1}}\r\n  .jo-handle{height:6px;width:80px;margin:6px auto 10px;background:#e5e7eb;border-radius:999px}\r\n\r\n  .jo-pill{\r\n    display:inline-block;margin:0 auto 10px;left:0;right:0;\r\n    font:900 12px\/1 system-ui,-apple-system,Segoe UI,Roboto,Arial,sans-serif;\r\n    padding:8px 12px;border-radius:999px;background:#111;color:#fff;\r\n    letter-spacing:.3px;text-align:center\r\n  }\r\n  .jo-card h2{\r\n    margin:0 0 6px;\r\n    font:900 22px\/1.15 system-ui,-apple-system,Segoe UI,Roboto,Arial,sans-serif;\r\n    color:#0f172a;text-align:center\r\n  }\r\n\r\n  .jo-meta{\r\n    text-align:center;margin:0 0 10px;color:#475569;\r\n    font:800 13px\/1.35 system-ui,-apple-system,Segoe UI,Roboto,Arial,sans-serif;\r\n  }\r\n  .jo-meta strong{color:#0f172a}\r\n\r\n  .jo-sub{\r\n    margin:0 0 12px;text-align:center;color:#475569;\r\n    font:750 13px\/1.25 system-ui,-apple-system,Segoe UI,Roboto,Arial,sans-serif\r\n  }\r\n\r\n  .jo-countdown{\r\n    border:1px solid #eef2f7;background:#f8fafc;border-radius:18px;\r\n    padding:12px;margin-bottom:12px\r\n  }\r\n  .jo-count-label{\r\n    text-align:center;color:#64748b;\r\n    font:900 12px\/1 system-ui,-apple-system,Segoe UI,Roboto,Arial,sans-serif\r\n  }\r\n  .jo-count-time{\r\n    text-align:center;margin-top:6px;color:#0f172a;\r\n    font:1000 28px\/1 system-ui,-apple-system,Segoe UI,Roboto,Arial,sans-serif;\r\n    letter-spacing:1px\r\n  }\r\n  .jo-count-note{\r\n    text-align:center;margin-top:8px;color:#475569;\r\n    font:750 12px\/1.3 system-ui,-apple-system,Segoe UI,Roboto,Arial,sans-serif\r\n  }\r\n\r\n  \/* Make countdown area clickable *\/\r\n  #jo-cta{ cursor:pointer; }\r\n  #jo-cta:hover{ filter:brightness(1.02); }\r\n  #jo-cta:active{ transform:translateY(1px); }\r\n  #jo-cta .jo-count-note{ text-decoration: underline; }\r\n\r\n  .jo-actions{display:grid;gap:12px;margin-bottom:14px}\r\n  .jo-btn{\r\n    display:flex;align-items:center;justify-content:center;\r\n    text-decoration:none;text-align:center;\r\n    font:900 15px\/1 system-ui,-apple-system,Segoe UI,Roboto,Arial,sans-serif;\r\n    color:#fff;background:#111;padding:15px 16px;border-radius:18px;\r\n    transition:transform .12s ease,filter .12s ease\r\n  }\r\n  .jo-btn:hover{transform:translateY(-1px);filter:brightness(1.05)}\r\n  .jo-btn--ghost{background:#1f2937}\r\n  .jo-btn--primary{background:#0f172a}\r\n\r\n  .jo-urgency{border-top:1px solid #eef2f7;padding-top:12px;display:grid;gap:10px}\r\n  .jo-online{\r\n    display:flex;gap:8px;align-items:center;justify-content:center;\r\n    color:#0f172a;font:800 13px\/1.2 system-ui,-apple-system,Segoe UI,Roboto,Arial,sans-serif\r\n  }\r\n  .jo-dot{\r\n    width:10px;height:10px;border-radius:999px;background:#22c55e;\r\n    box-shadow:0 0 0 0 rgba(34,197,94,.7);animation:jo-pulse 1.2s infinite\r\n  }\r\n  @keyframes jo-pulse{to{box-shadow:0 0 0 10px rgba(34,197,94,0)}}\r\n\r\n  .jo-remaining{display:grid;gap:8px}\r\n  .jo-remaining-head{\r\n    display:flex;gap:8px;align-items:center;justify-content:center;text-align:center;\r\n    color:#b91c1c;font:900 13px\/1.2 system-ui,-apple-system,Segoe UI,Roboto,Arial,sans-serif;\r\n    flex-wrap:wrap;\r\n  }\r\n  .jo-flash{animation:jo-flash 1.2s infinite}\r\n  @keyframes jo-flash{0%,100%{opacity:1}50%{opacity:.35}}\r\n\r\n  .jo-urg-nowrap{white-space:nowrap;}\r\n  #jo-slots{\r\n    display:inline-block;\r\n    white-space:nowrap;\r\n    word-break:normal !important;\r\n    overflow-wrap:normal !important;\r\n  }\r\n  .jo-remaining-head, .jo-remaining-head *{\r\n    word-break:normal !important;\r\n    overflow-wrap:normal !important;\r\n  }\r\n\r\n  .jo-remaining-bar{\r\n    height:10px;background:#f1f5f9;border-radius:999px;\r\n    overflow:hidden;position:relative\r\n  }\r\n  .jo-remaining-fill{\r\n    display:block;height:100%;\r\n    background:linear-gradient(90deg,#ef4444,#f97316,#f59e0b);\r\n    background-size:200% 100%;\r\n    animation:jo-sheen 1.4s linear infinite;border-radius:999px\r\n  }\r\n  @keyframes jo-sheen{0%{background-position:0 0}100%{background-position:200% 0}}\r\n\r\n  @media (max-width:480px){\r\n    .jo-card{padding:16px 14px 16px;border-radius:20px}\r\n    .jo-card h2{font-size:20px}\r\n    .jo-btn{font-size:14px;padding:14px 16px;border-radius:16px}\r\n    .jo-count-time{font-size:26px}\r\n    .jo-meta{font-size:12.5px}\r\n  }\r\n<\/style>\r\n\r\n<script>\r\ndocument.addEventListener('DOMContentLoaded', function(){\r\n  const overlay   = document.getElementById('jogo-overlay');\r\n  const pillEl    = document.getElementById('jo-pill');\r\n  const countEl   = document.getElementById('jo-count');\r\n  const noteEl    = document.getElementById('jo-note');\r\n\r\n  const watchersEl= document.getElementById('jo-watchers');\r\n  const slotsEl   = document.getElementById('jo-slots');\r\n  const fillEl    = document.getElementById('jo-fill');\r\n  const barEl     = overlay.querySelector('.jo-remaining-bar');\r\n\r\n  const ctaEl     = document.getElementById('jo-cta');\r\n  const primaryBtn= overlay.querySelector('.jo-btn--primary');\r\n  const ctaUrl    = primaryBtn ? primaryBtn.getAttribute('href') : \"https:\/\/motus.site\/aplicacion-espn-como-ver-deportes-en-vivo-desde-el-celular\";\r\n\r\n  \/\/ Kick-off: 28 Feb 2026, 03:06 UTC\r\n  \/\/ (Tijuana: Vie 27 Feb, 7:06 PM PT | CDMX: Vie 27 Feb, 9:06 PM CT)\r\n  const kickoffISO = \"2026-02-28T03:06:00Z\";\r\n\r\n  let watchers = 44200;\r\n  let slots = 985;\r\n  let barPct = 62;\r\n\r\n  function openModal(){\r\n    overlay.classList.add('is-open');\r\n    overlay.setAttribute('aria-hidden','false');\r\n    document.body.classList.add('modal-open');\r\n  }\r\n\r\n  function closeModal(){\r\n    overlay.classList.remove('is-open');\r\n    overlay.setAttribute('aria-hidden','true');\r\n    document.body.classList.remove('modal-open');\r\n  }\r\n\r\n  setTimeout(openModal, 900);\r\n\r\n  \/\/ No outside click close (disabled intentionally)\r\n  \/\/ Close only on ESC (emergency exit)\r\n  document.addEventListener('keydown', (e)=>{\r\n    if(e.key==='Escape') closeModal();\r\n  });\r\n\r\n  \/\/ Make countdown + note clickable (same destination as primary button)\r\n  function goCTA(){\r\n    if(ctaUrl) window.location.href = ctaUrl;\r\n  }\r\n  if(ctaEl){\r\n    ctaEl.addEventListener('click', goCTA);\r\n    ctaEl.addEventListener('keydown', (e)=>{\r\n      if(e.key === 'Enter' || e.key === ' '){\r\n        e.preventDefault();\r\n        goCTA();\r\n      }\r\n    });\r\n  }\r\n\r\n  const kickoff = new Date(kickoffISO);\r\n  function pad(n){ return String(n).padStart(2,'0'); }\r\n\r\n  function tick(){\r\n    const now = new Date();\r\n    const diff = kickoff - now;\r\n\r\n    if(diff > 0){\r\n      pillEl.textContent = \"HOY \u2013 LIGA MX\";\r\n      pillEl.style.background = \"#111\";\r\n\r\n      const s = Math.floor(diff\/1000);\r\n      const h = Math.floor(s\/3600);\r\n      const m = Math.floor((s%3600)\/60);\r\n      const sec = s%60;\r\n\r\n      countEl.textContent = `${pad(h)}:${pad(m)}:${pad(sec)}`;\r\n      noteEl.textContent = \"Toca para ver la transmisi\u00f3n en vivo.\";\r\n    }else{\r\n      pillEl.textContent = \"EN VIVO AHORA\";\r\n      pillEl.style.background = \"#b91c1c\";\r\n      countEl.textContent = \"AHORA\";\r\n      noteEl.textContent = \"Si se traba, actualiza e int\u00e9ntalo de nuevo.\";\r\n    }\r\n  }\r\n  tick();\r\n  setInterval(tick, 1000);\r\n\r\n  watchersEl.textContent = watchers.toLocaleString('es-MX');\r\n  setInterval(()=>{\r\n    const delta = Math.floor(Math.random()*240) - 120;\r\n    watchers = Math.max(18000, watchers + delta);\r\n    watchersEl.textContent = watchers.toLocaleString('es-MX');\r\n  }, 2600);\r\n\r\n  slotsEl.textContent = slots.toLocaleString('es-MX');\r\n  barEl.setAttribute('aria-valuenow', barPct);\r\n  fillEl.style.width = barPct + '%';\r\n\r\n  setInterval(()=>{\r\n    if(slots > 60 && Math.random() < 0.55){\r\n      slots -= 1;\r\n      slotsEl.textContent = slots.toLocaleString('es-MX');\r\n    }\r\n    if(barPct > 8 && Math.random() < 0.65){\r\n      barPct -= 1;\r\n      fillEl.style.width = barPct + '%';\r\n      barEl.setAttribute('aria-valuenow', barPct);\r\n    }\r\n  }, 4200);\r\n});\r\n<\/script><\/div>\n\n\n<p>Die Saison 2026 der <strong>Liga MX<\/strong> Du bist auf dem Vormarsch und, wie immer, wirst du mit aufregenden Festen, historischen Rivalit\u00e4ten und Spielen \u00fcberh\u00e4uft, die dir das Gef\u00fchl geben, fremd zu sein.<\/p>\n\n\n\n<p>Traditionsreiche Mannschaften wie Am\u00e9rica, Chivas, Pumas, Toluca und Tigres versprechen, Protagonisten intensiver Begegnungen zu sein und Millionen von Fans jeden Tag aufs Neue zu begeistern.<\/p>\n\n\n\n<p>Wenn Sie ein Fan des mexikanischen Fu\u00dfballs sind, haben Sie hier die M\u00f6glichkeit, das gesamte Geschehen aus der ganzen Welt zu verfolgen. <strong>ohne einen einzigen Spieler zu verlieren<\/strong>auch dann, wenn man nicht vor dem Fernseher sitzt.<\/p>\n\n\n\n<hr class=\"wp-block-separator has-alpha-channel-opacity\"\/>\n\n\n\n<h3 class=\"wp-block-heading\">Was ist die Liga MX?<\/h3>\n\n\n\n<p>Dort <strong>Liga MX<\/strong> Es ist der wichtigste Fu\u00dfballwettbewerb in Mexiko und einer der beliebtesten in ganz Lateinamerika. Er ist in zwei Turniere pro Jahr unterteilt \u2013 <strong>\u00d6ffnung<\/strong> y <strong>Schlie\u00dfung<\/strong> \u2014 y vereint traditionsreiche Vereine wie:<\/p>\n\n\n\n<ul class=\"wp-block-list\">\n<li>Club America<\/li>\n\n\n\n<li>Chivas Guadalajara<\/li>\n\n\n\n<li>Pumas UNAM<\/li>\n\n\n\n<li>Toluca<\/li>\n\n\n\n<li>UANL Tigers<\/li>\n\n\n\n<li>Blaues Kreuz<\/li>\n\n\n\n<li>Monterrey<\/li>\n\n\n\n<li>Pachuca<\/li>\n<\/ul>\n\n\n\n<p>Mit mitrei\u00dfenden, legend\u00e4ren Partys, die das ganze Land in ihren Bann ziehen, und herausragenden Pers\u00f6nlichkeiten auf dem Spielfeld begeistert die Liga MX Millionen von Fans in Mexiko und dar\u00fcber hinaus. Jetzt k\u00f6nnen auch Sie all das erleben. <strong>direkt von Ihrem Mobiltelefon aus.<\/strong><\/p>\n\n\n\n<hr class=\"wp-block-separator has-alpha-channel-opacity\"\/>\n\n\n\n<h3 class=\"wp-block-heading\">Die beste App, um die Liga MX 2026 zu sehen<\/h3>\n\n\n\n<p>Die beste M\u00f6glichkeit, die Spiele der Liga MX 2026 live und kostenlos zu verfolgen, ist <strong>ViX<\/strong>, die Streaming-Plattform von TelevisaUnivision, dem offiziellen \u00dcbertragungspartner der Liga MX.<\/p>\n\n\n\n<h4 class=\"wp-block-heading\">\ud83d\udd0d Warum ist ViX die beste Option?<\/h4>\n\n\n\n<ul class=\"wp-block-list\">\n<li><strong>Live- und kostenlose \u00dcbertragungen<\/strong><\/li>\n\n\n\n<li><strong>Keine Kreditkarte erforderlich<\/strong><\/li>\n\n\n\n<li><strong>HD-Bildqualit\u00e4t<\/strong><\/li>\n\n\n\n<li><strong>Erz\u00e4hlung auf Spanisch<\/strong><\/li>\n\n\n\n<li><strong>Schnelle und einfach zu bedienende Benutzeroberfl\u00e4che<\/strong><\/li>\n\n\n\n<li><strong>Kompatibel mit Mobiltelefonen, Smart-TVs, Tablets und Computern<\/strong><\/li>\n<\/ul>\n\n\n\n<p>Zus\u00e4tzlich zu Live-Partys bietet die App Zusammenfassungen, die besten Matches, Interviews, exklusive Inhalte und Benachrichtigungen, damit Sie keine wichtigen Momente verpassen.<\/p>\n\n\n\n<hr class=\"wp-block-separator has-alpha-channel-opacity\"\/>\n\n\n\n<h3 class=\"wp-block-heading\">Wo kann ich die ViX-App herunterladen?<\/h3>\n\n\n\n<ul class=\"wp-block-list\">\n<li>Vom Browser aus: <a href=\"http:\/\/www.vix.com\">\ud83c\udf10 www.vix.com<\/a><\/li>\n<\/ul>\n\n\n\n<h3 class=\"wp-block-heading\">H\u00e4ufig gestellte Fragen (FAQ)<\/h3>\n\n\n\n<p><strong>1. Ist die Anwendung wirklich kostenlos?<\/strong><br>Ja. ViX bietet kostenlose Live-\u00dcbertragungen der Liga MX an. Sie k\u00f6nnen ein Konto erstellen oder die \u00dcbertragung als eingeladener Teilnehmer ansehen.<\/p>\n\n\n\n<p><strong>2. Ben\u00f6tige ich ein VPN, um es von Brasilien aus anzusehen?<\/strong><br>Manche Anbieter haben m\u00f6glicherweise geografische Beschr\u00e4nkungen. Wenn Sie sich au\u00dferhalb Mexikos befinden, nutzen Sie einen <strong>Zuverl\u00e4ssiges VPN<\/strong> kann Ihnen dabei helfen, auf alle Inhalte zuzugreifen.<\/p>\n\n\n\n<p><strong>3. Ist die Bildqualit\u00e4t gut?<\/strong><br>Ja, die App \u00fcbertr\u00e4gt die Partys online. <strong>hohe Aufl\u00f6sung (HD)<\/strong> und passt sich automatisch Ihrer Internetgeschwindigkeit an.<\/p>\n\n\n\n<p><strong>4. Funktioniert es auf Smart-TVs?<\/strong><br>Ja! Sie k\u00f6nnen die App auf Fernsehern mit Android TV oder Roku herunterladen oder die Bildschirmspiegelungsfunktion von Ihrem Mobiltelefon aus nutzen.<\/p>\n\n\n\n<p><strong>5. Enth\u00e4lt es viele Werbeanzeigen?<\/strong><br>Die Mehrheit der Parteien wird \u00fcbertragen <strong>ohne Werbung<\/strong>, obwohl einige Inhalte mit geringer Nachfrage kurze Pausen enthalten k\u00f6nnen.<\/p>","protected":false},"excerpt":{"rendered":"<p>La temporada 2026 de la Liga MX ya est\u00e1 en marcha y, como siempre, viene cargada de partidos emocionantes, rivalidades hist\u00f3ricas y jugadas que te&#8230;<\/p>","protected":false},"author":2,"featured_media":0,"parent":0,"menu_order":0,"comment_status":"closed","ping_status":"closed","template":"","meta":{"footnotes":""},"class_list":["post-5272","page","type-page","status-publish","hentry"],"_links":{"self":[{"href":"https:\/\/motus.site\/de\/wp-json\/wp\/v2\/pages\/5272","targetHints":{"allow":["GET"]}}],"collection":[{"href":"https:\/\/motus.site\/de\/wp-json\/wp\/v2\/pages"}],"about":[{"href":"https:\/\/motus.site\/de\/wp-json\/wp\/v2\/types\/page"}],"author":[{"embeddable":true,"href":"https:\/\/motus.site\/de\/wp-json\/wp\/v2\/users\/2"}],"replies":[{"embeddable":true,"href":"https:\/\/motus.site\/de\/wp-json\/wp\/v2\/comments?post=5272"}],"version-history":[{"count":3,"href":"https:\/\/motus.site\/de\/wp-json\/wp\/v2\/pages\/5272\/revisions"}],"predecessor-version":[{"id":5327,"href":"https:\/\/motus.site\/de\/wp-json\/wp\/v2\/pages\/5272\/revisions\/5327"}],"wp:attachment":[{"href":"https:\/\/motus.site\/de\/wp-json\/wp\/v2\/media?parent=5272"}],"curies":[{"name":"wp","href":"https:\/\/api.w.org\/{rel}","templated":true}]}}