{"id":4580,"date":"2024-03-28T09:38:21","date_gmt":"2024-03-28T09:38:21","guid":{"rendered":"https:\/\/motus.site\/termos-e-condicoes\/"},"modified":"2025-03-11T21:15:52","modified_gmt":"2025-03-11T21:15:52","slug":"termos-e-condicoes","status":"publish","type":"page","link":"https:\/\/motus.site\/de\/termos-e-condicoes\/","title":{"rendered":"Gesch\u00e4ftsbedingungen"},"content":{"rendered":"<h2><strong>Gesch\u00e4ftsbedingungen<\/strong><\/h2>\n<p>Willkommen bei Motus!<\/p>\n<p>Diese Gesch\u00e4ftsbedingungen legen die Regeln und Vorschriften f\u00fcr die Nutzung von Motus fest und sind unter https:\/\/motus.site\/ zu finden.<\/p>\n<p>Indem Sie auf diese Website zugreifen, gehen wir davon aus, dass Sie diese Bedingungen akzeptieren. Verwenden Sie Motus nicht weiter, wenn Sie nicht allen auf dieser Seite aufgef\u00fchrten Bedingungen zustimmen.<\/p>\n<p>F\u00fcr diese Allgemeinen Gesch\u00e4ftsbedingungen, die Datenschutzerkl\u00e4rung und den Haftungsausschluss sowie f\u00fcr alle Vereinbarungen gilt die folgende Terminologie: \u201eKunde\u201c, \u201eSie\u201c und \u201eIhr\u201c beziehen sich auf Sie, die Person, die sich auf dieser Website anmeldet und die Allgemeinen Gesch\u00e4ftsbedingungen des Unternehmens einh\u00e4lt. \u201eDas Unternehmen\u201c, \u201eWir\u201c, \u201eUns\u201c, \u201eUnser\u201c und \u201eUns\u201c beziehen sich auf unser Unternehmen. \u201ePartei\u201c, \u201eParteien\u201c oder \u201eWir\u201c bezieht sich sowohl auf den Kunden als auch auf uns. Alle Bedingungen beziehen sich auf das Angebot, die Annahme und die Gegenleistung der Zahlung, die erforderlich ist, um den Prozess unserer Unterst\u00fctzung des Kunden in der am besten geeigneten Weise durchzuf\u00fchren, mit dem ausdr\u00fccklichen Zweck, die Bed\u00fcrfnisse des Kunden in Bezug auf die Bereitstellung der angegebenen Dienste des Unternehmens zu erf\u00fcllen, in \u00dcbereinstimmung mit und vorbehaltlich des geltenden niederl\u00e4ndischen Rechts. Jegliche Verwendung der oben genannten Terminologie oder anderer W\u00f6rter im Singular, Plural, in Gro\u00dfbuchstaben und\/oder \u201eer\/sie\u201c wird als austauschbar angesehen und bezieht sich daher auf dasselbe.<\/p>\n<h3><strong>Cookie-Hinweis<\/strong><\/h3>\n<p>Wir verwenden Cookies. Durch den Zugriff auf Motus erkl\u00e4ren Sie sich mit der Verwendung von Cookies gem\u00e4\u00df der Datenschutzrichtlinie von Motus einverstanden.<\/p>\n<p>Die meisten interaktiven Websites verwenden Cookies, damit wir bei jedem Besuch Benutzerdaten abrufen k\u00f6nnen. Auf unserer Website werden Cookies verwendet, um die Funktionalit\u00e4t bestimmter Bereiche zu erm\u00f6glichen und den Besuchern unserer Website den Besuch zu erleichtern. Einige unserer verbundenen Unternehmen\/Werbepartner verwenden m\u00f6glicherweise ebenfalls Cookies.<\/p>\n<h3><strong>Lizenz<\/strong><\/h3>\n<p>Sofern nicht anders angegeben, besitzen Motus und\/oder seine Lizenzgeber die geistigen Eigentumsrechte f\u00fcr s\u00e4mtliche Materialien auf [Firmenname]. Alle Rechte am geistigen Eigentum sind vorbehalten. Sie k\u00f6nnen f\u00fcr Ihren pers\u00f6nlichen Gebrauch von Motus darauf zugreifen, vorbehaltlich der in diesen Gesch\u00e4ftsbedingungen festgelegten Einschr\u00e4nkungen.<\/p>\n<p>Sie d\u00fcrfen nicht:<\/p>\n<ul>\n<li>Material von Motus erneut ver\u00f6ffentlichen<\/li>\n<li>Material von Motus verkaufen, vermieten oder unterlizenzieren<\/li>\n<li>Reproduzieren, duplizieren oder kopieren Sie Material von Motus<\/li>\n<li>Motus-Inhalte weiterverteilen<\/li>\n<\/ul>\n<p>Diese Vereinbarung tritt an diesem Datum in Kraft. Unsere Allgemeinen Gesch\u00e4ftsbedingungen wurden erstellt mit Hilfe von <a href=\"https:\/\/www.termsandconditionsgenerator.com\">AGB-Generator<\/a> und die <a href=\"https:\/\/www.generateprivacypolicy.com\">Generator f\u00fcr Datenschutzrichtlinien<\/a>.<\/p>\n<p>Teile dieser Website bieten Benutzern die M\u00f6glichkeit, in bestimmten Bereichen der Website Meinungen und Informationen zu ver\u00f6ffentlichen und auszutauschen. Motus filtert, bearbeitet, ver\u00f6ffentlicht oder \u00fcberpr\u00fcft Kommentare nicht, bevor sie auf der Website erscheinen. Kommentare spiegeln nicht die Ansichten und Meinungen von Motus, seinen Vertretern und\/oder verbundenen Unternehmen wider. Kommentare spiegeln die Ansichten und Meinungen der Person wider, die ihre Ansichten und Meinungen gepostet hat. Soweit nach geltendem Recht zul\u00e4ssig, haftet Motus nicht f\u00fcr die Kommentare oder f\u00fcr jegliche Haftung, Sch\u00e4den oder Kosten, die durch die Verwendung und\/oder Ver\u00f6ffentlichung und\/oder das Erscheinen der Kommentare auf dieser Website verursacht und\/oder erlitten werden.<\/p>\n<p>Motus beh\u00e4lt sich das Recht vor, alle Kommentare zu \u00fcberwachen und Kommentare zu entfernen, die als unangemessen oder beleidigend angesehen werden k\u00f6nnen oder einen Versto\u00df gegen diese Allgemeinen Gesch\u00e4ftsbedingungen darstellen.<\/p>\n<p>Sie garantieren und vertreten, dass:<\/p>\n<ul>\n<li>Sie sind berechtigt, die Kommentare auf unserer Website zu ver\u00f6ffentlichen und verf\u00fcgen \u00fcber alle erforderlichen Lizenzen und Zustimmungen dazu.<\/li>\n<li>Die Kommentare verletzen keine geistigen Eigentumsrechte, insbesondere keine Urheberrechte, Patente oder Markenrechte Dritter.<\/li>\n<li>Die Kommentare enthalten kein diffamierendes, verleumderisches, beleidigendes, unanst\u00e4ndiges oder anderweitig rechtswidriges Material, das eine Verletzung der Privatsph\u00e4re darstellt<\/li>\n<li>Die Kommentare werden nicht verwendet, um Gesch\u00e4fte oder Br\u00e4uche anzuwerben oder zu f\u00f6rdern oder kommerzielle Aktivit\u00e4ten oder rechtswidrige Aktivit\u00e4ten darzustellen.<\/li>\n<\/ul>\n<p>Sie erteilen Motus hiermit eine nicht exklusive Lizenz zur Nutzung, Vervielf\u00e4ltigung und Bearbeitung Ihrer Kommentare und erm\u00e4chtigen andere zur Nutzung, Vervielf\u00e4ltigung und Bearbeitung Ihrer Kommentare in allen Formen, Formaten und Medien.<\/p>\n<h3><strong>Hyperlink zu unseren Inhalten<\/strong><\/h3>\n<p>Die folgenden Organisationen d\u00fcrfen ohne vorherige schriftliche Genehmigung auf unsere Website verlinken:<\/p>\n<ul>\n<li>Regierungsbeh\u00f6rden;<\/li>\n<li>Suchmaschinen;<\/li>\n<li>Nachrichtenorganisationen;<\/li>\n<li>Online-Verzeichnisverteiler k\u00f6nnen auf dieselbe Weise auf unsere Website verlinken, wie sie Hyperlinks zu den Websites anderer aufgef\u00fchrter Unternehmen erstellen. Und<\/li>\n<li>Systemweit akkreditierte Unternehmen, ausgenommen werbende Non-Profit-Organisationen, Charity-Einkaufszentren und Wohlt\u00e4tigkeits-Spendengruppen, die keine Hyperlinks zu unserer Website erstellen d\u00fcrfen.<\/li>\n<\/ul>\n<p>Diese Organisationen d\u00fcrfen auf unsere Homepage, Ver\u00f6ffentlichungen oder andere Informationen auf der Website verlinken, solange der Link: (a) in keiner Weise irref\u00fchrend ist; (b) nicht f\u00e4lschlich auf eine F\u00f6rderung, Unterst\u00fctzung oder Billigung der verweisenden Partei und ihrer Produkte und\/oder Dienstleistungen schlie\u00dfen l\u00e4sst; und (c) in den Kontext der Site der verweisenden Partei passt.<\/p>\n<p>Wir k\u00f6nnen andere Linkanfragen von den folgenden Arten von Organisationen pr\u00fcfen und genehmigen: \/p&gt;<\/p>\n<ul>\n<li>bekannteste kommerzielle und\/oder Verbraucherinformationsquellen;<\/li>\n<li>Community-Sites von dot.coms;<\/li>\n<li>Vereine oder andere Gruppen, die Wohlt\u00e4tigkeitsorganisationen vertreten;<\/li>\n<li>Online-Verzeichnisverteiler;<\/li>\n<li>Internetportale;<\/li>\n<li>Buchhaltungs-, Rechts- und Beratungsb\u00fcros; Und<\/li>\n<li>Bildungseinrichtungen und Branchenverb\u00e4nde.<\/li>\n<\/ul>\n<p>Wir werden Linkanfragen dieser Organisationen genehmigen, wenn wir entscheiden, dass: (a) der Link kein schlechtes Licht auf uns oder unsere akkreditierten Unternehmen werfen w\u00fcrde; (b) die Organisation hat bei uns keine negativen Aufzeichnungen; (c) der Nutzen, der sich f\u00fcr uns aus der Sichtbarkeit des Hyperlinks ergibt, gleicht das Fehlen von Motus aus; und (d) der Link steht im Kontext allgemeiner Ressourceninformationen.<\/p>\n<p>Diese Organisationen d\u00fcrfen auf unsere Homepage verlinken, solange der Link: (a) in keiner Weise irref\u00fchrend ist; (b) nicht f\u00e4lschlich auf eine F\u00f6rderung, Unterst\u00fctzung oder Billigung der verweisenden Partei und ihrer Produkte oder Dienstleistungen schlie\u00dfen l\u00e4sst; und (c) in den Kontext der Website der verweisenden Partei passt.<\/p>\n<p>Wenn Sie eine der in Absatz 2 oben aufgef\u00fchrten Organisationen sind und an einer Verlinkung zu unserer Website interessiert sind, m\u00fcssen Sie uns dies mitteilen, indem Sie eine E-Mail an Motus senden. Bitte geben Sie Ihren Namen, den Namen Ihrer Organisation, Kontaktinformationen sowie die URL Ihrer Site, eine Liste aller URLs an, von denen Sie auf unsere Website verlinken m\u00f6chten, und eine Liste der URLs auf unserer Site, auf die Sie verlinken m\u00f6chten. Bitte rechnen Sie mit einer Antwortzeit von 2\u20133 Wochen.<\/p>\n<p>Zugelassene Organisationen k\u00f6nnen wie folgt auf unsere Website verlinken:<\/p>\n<ul>\n<li>Durch die Verwendung unseres Handelsnamens; oder<\/li>\n<li>Durch Verwendung des Uniform Resource Locator, auf den es verweist; oder<\/li>\n<li>Durch die Verwendung einer anderen Beschreibung unserer Website, auf die verlinkt wird, die im Kontext und Format des Inhalts auf der Website der verweisenden Partei Sinn ergibt.<\/li>\n<\/ul>\n<p>Die Verwendung des Logos oder anderer Grafiken von Motus zum Verlinken ist ohne eine Markenlizenzvereinbarung nicht gestattet.<\/p>\n<h3><strong>iFrames<\/strong><\/h3>\n<p>Ohne vorherige Genehmigung und schriftliche Erlaubnis d\u00fcrfen Sie keine Frames um unsere Webseiten erstellen, die die visuelle Darstellung oder das Erscheinungsbild unserer Website in irgendeiner Weise ver\u00e4ndern.<\/p>\n<h3><strong>Haftung f\u00fcr Inhalte<\/strong><\/h3>\n<p>Wir \u00fcbernehmen keine Verantwortung f\u00fcr Inhalte, die auf Ihrer Website erscheinen. Sie erkl\u00e4ren sich damit einverstanden, uns vor allen Anspr\u00fcchen zu sch\u00fctzen und zu verteidigen, die sich aus Ihrer Website ergeben. Auf keiner Website d\u00fcrfen Links erscheinen, die als verleumderisch, obsz\u00f6n oder kriminell ausgelegt werden k\u00f6nnen oder die Rechte Dritter verletzen, anderweitig verletzen oder die Verletzung oder sonstige Verletzung der Rechte Dritter bef\u00fcrworten.<\/p>\n<h3><strong>Schutz deiner Daten<\/strong><\/h3>\n<p>Lesen Sie die Datenschutzrichtlinie<\/p>\n<h3><strong>Vorbehalt von Rechten<\/strong><\/h3>\n<p>Wir behalten uns das Recht vor, Sie aufzufordern, alle Links oder einen bestimmten Link zu unserer Website zu entfernen. Sie stimmen auf Anfrage der sofortigen Entfernung aller Links zu unserer Website zu. Wir behalten uns au\u00dferdem das Recht vor, diese Allgemeinen Gesch\u00e4ftsbedingungen und ihre verbindlichen Richtlinien jederzeit zu \u00e4ndern. Indem Sie fortlaufend auf unsere Website verlinken, erkl\u00e4ren Sie sich mit diesen Link-Bedingungen einverstanden und verpflichten sich, diese einzuhalten.<\/p>\n<h3><strong> Entfernung von Links von unserer Website<\/strong><\/h3>\n<p>Wenn Sie auf unserer Website einen Link finden, der aus irgendeinem Grund anst\u00f6\u00dfig ist, k\u00f6nnen Sie uns jederzeit kontaktieren und informieren. Wir werden Anfragen zur Entfernung von Links pr\u00fcfen, sind jedoch nicht dazu verpflichtet oder dazu, Ihnen direkt zu antworten.<\/p>\n<p>Wir \u00fcbernehmen keine Gew\u00e4hr f\u00fcr die Richtigkeit der Informationen auf dieser Website und \u00fcbernehmen keine Gew\u00e4hr f\u00fcr deren Vollst\u00e4ndigkeit oder Genauigkeit. Wir versprechen auch nicht, dass die Website verf\u00fcgbar bleibt oder dass das Material auf der Website auf dem neuesten Stand gehalten wird.<\/p>\n<h3><strong>Rechtliche Hinweise<\/strong><\/h3>\n<p>Soweit nach geltendem Recht zul\u00e4ssig, schlie\u00dfen wir s\u00e4mtliche Zusicherungen, Gew\u00e4hrleistungen und Bedingungen in Bezug auf unsere Website und die Nutzung dieser Website aus. Nichts in dieser Mitteilung wird:<\/p>\n<ul>\n<li>unsere oder Ihre Haftung f\u00fcr Tod oder Personensch\u00e4den begrenzen oder ausschlie\u00dfen;<\/li>\n<li>unsere oder Ihre Haftung f\u00fcr Betrug oder betr\u00fcgerische Falschdarstellung begrenzen oder ausschlie\u00dfen;<\/li>\n<li>unsere Haftung in einer Weise beschr\u00e4nken, die nach geltendem Recht nicht zul\u00e4ssig ist; oder<\/li>\n<li>jegliche Haftung unsererseits ausschlie\u00dfen, die nach geltendem Recht nicht ausgeschlossen werden kann.<\/li>\n<\/ul>\n<p>Die in diesem Abschnitt und an anderer Stelle in diesem Haftungsausschluss festgelegten Haftungsbeschr\u00e4nkungen und -verbote: (a) unterliegen dem vorstehenden Absatz; und (b) regeln alle Haftungen, die sich aus dem Haftungsausschluss ergeben, einschlie\u00dflich der Haftungen aus Vertr\u00e4gen, unerlaubten Handlungen und der Verletzung gesetzlicher Pflichten.<\/p>\n<p>Solange die Website und die Informationen und Dienste auf der Website kostenlos zur Verf\u00fcgung gestellt werden, haften wir nicht f\u00fcr Verluste oder Sch\u00e4den jeglicher Art.<\/p>","protected":false},"excerpt":{"rendered":"<p>Nutzungsbedingungen Willkommen bei Motus! Diese Nutzungsbedingungen beschreiben die Regeln und Bestimmungen f\u00fcr die Nutzung von Motus, erreichbar unter https:\/\/motus.site\/. Durch den Zugriff\u2026<\/p>","protected":false},"author":2,"featured_media":0,"parent":0,"menu_order":0,"comment_status":"closed","ping_status":"closed","template":"","meta":{"footnotes":""},"class_list":["post-4580","page","type-page","status-publish","hentry"],"_links":{"self":[{"href":"https:\/\/motus.site\/de\/wp-json\/wp\/v2\/pages\/4580","targetHints":{"allow":["GET"]}}],"collection":[{"href":"https:\/\/motus.site\/de\/wp-json\/wp\/v2\/pages"}],"about":[{"href":"https:\/\/motus.site\/de\/wp-json\/wp\/v2\/types\/page"}],"author":[{"embeddable":true,"href":"https:\/\/motus.site\/de\/wp-json\/wp\/v2\/users\/2"}],"replies":[{"embeddable":true,"href":"https:\/\/motus.site\/de\/wp-json\/wp\/v2\/comments?post=4580"}],"version-history":[{"count":2,"href":"https:\/\/motus.site\/de\/wp-json\/wp\/v2\/pages\/4580\/revisions"}],"predecessor-version":[{"id":4996,"href":"https:\/\/motus.site\/de\/wp-json\/wp\/v2\/pages\/4580\/revisions\/4996"}],"wp:attachment":[{"href":"https:\/\/motus.site\/de\/wp-json\/wp\/v2\/media?parent=4580"}],"curies":[{"name":"wp","href":"https:\/\/api.w.org\/{rel}","templated":true}]}}