{"id":4578,"date":"2024-05-16T09:53:11","date_gmt":"2024-05-16T09:53:11","guid":{"rendered":"https:\/\/motus.site\/politica-de-privacidade\/"},"modified":"2025-03-11T21:14:44","modified_gmt":"2025-03-11T21:14:44","slug":"politica-de-privacidade","status":"publish","type":"page","link":"https:\/\/motus.site\/de\/politica-de-privacidade\/","title":{"rendered":"Datenschutzrichtlinie"},"content":{"rendered":"<h2>Datenschutzrichtlinie f\u00fcr Motus<\/h2>\n<p>Bei Motus, erreichbar \u00fcber https:\/\/motus.site\/, ist die Privatsph\u00e4re unserer Besucher eine unserer Hauptpriorit\u00e4ten. Dieses Dokument zur Datenschutzrichtlinie enth\u00e4lt die Arten von Informationen, die von Motuse gesammelt und aufgezeichnet werden, und wie wir sie verwenden.<\/p>\n<p>Wenn Sie weitere Fragen haben oder weitere Informationen zu unserer Datenschutzrichtlinie ben\u00f6tigen, z\u00f6gern Sie nicht, uns zu kontaktieren.<\/p>\n<h2>Zustimmung<\/h2>\n<p>Durch die Nutzung unserer Website erkl\u00e4ren Sie sich hiermit mit unserer Datenschutzrichtlinie einverstanden und stimmen deren Bedingungen zu.<\/p>\n<h2>Von uns erfasste Informationen<\/h2>\n<p>Die pers\u00f6nlichen Daten, die Sie angeben m\u00fcssen, und die Gr\u00fcnde daf\u00fcr werden Ihnen zum Zeitpunkt der Aufforderung zur Angabe Ihrer pers\u00f6nlichen Daten deutlich gemacht.<\/p>\n<p>Wenn Sie uns direkt kontaktieren, erhalten wir m\u00f6glicherweise zus\u00e4tzliche Informationen \u00fcber Sie, wie beispielsweise Ihren Namen, contact@motus.site, Telefonnummer, den Inhalt der Nachricht und\/oder Anh\u00e4nge, die Sie uns senden, sowie alle anderen Informationen, die Sie uns zur Verf\u00fcgung stellen.<\/p>\n<p>Wenn Sie sich f\u00fcr ein Konto registrieren, fragen wir Sie m\u00f6glicherweise nach Ihren Kontaktinformationen, einschlie\u00dflich Angaben wie Name, Motus, Adresse, contact@motus.site und Telefonnummer.<\/p>\n<h2>Wie wir Ihre Daten verwenden<\/h2>\n<p>Wir verwenden die von uns gesammelten Informationen auf verschiedene Weise, unter anderem um:<\/p>\n<ul>\n<li>Bereitstellung, Betrieb und Wartung unserer Website<\/li>\n<li>Verbessern, anpassen und erweitern Sie unsere Website<\/li>\n<li>Verstehen und Analysieren, wie Sie unsere Website nutzen<\/li>\n<li>Entwickeln Sie neue Produkte, Dienste, Features und Funktionen<\/li>\n<li>Kommunizieren Sie mit Ihnen, entweder direkt oder \u00fcber einen unserer Partner, unter anderem f\u00fcr den Kundendienst, um Ihnen Updates und andere Informationen in Bezug auf die Website bereitzustellen, sowie f\u00fcr Marketing- und Werbezwecke<\/li>\n<li>Senden Sie E-Mails<\/li>\n<li>Betrug erkennen und vermeiden<\/li>\n<\/ul>\n<h2>Protokolldateien<\/h2>\n<p>Motus folgt einem Standardverfahren zur Verwendung von Protokolldateien. Diese Dateien protokollieren Besucher, wenn sie Websites besuchen. Alle Hosting-Unternehmen tun dies und es ist Teil der \u00dcberpr\u00fcfung der Hosting-Dienste. Zu den von den Protokolldateien gesammelten Informationen geh\u00f6ren Internetprotokolladressen (IP-Adressen), Browsertyp, Internetdienstanbieter (ISP), Datums- und Zeitstempel, Verweis-\/Ausstiegsseiten und m\u00f6glicherweise die Anzahl der Klicks. Sie sind nicht mit personenbezogenen Daten verkn\u00fcpft. Der Zweck dieser Informationen besteht darin, Trends zu analysieren, die Site zu verwalten, die Bewegungen der Benutzer auf der Website zu verfolgen und demografische Informationen zu sammeln.<\/p>\n<h2>Cookies und Web Beacons<\/h2>\n<p>Wie jede andere Website verwendet Motus \u201eCookies\u201c. Diese Cookies werden verwendet, um Informationen zu speichern, darunter die Pr\u00e4ferenzen der Besucher und die Seiten der Website, auf die der Besucher zugegriffen oder die er besucht hat. Die Informationen werden verwendet, um das Benutzererlebnis zu optimieren, indem der Inhalt unserer Webseite basierend auf dem Browsertyp und\/oder anderen Informationen des Besuchers angepasst wird.<\/p>\n<p>Weitere allgemeine Informationen zu Cookies finden Sie unter <a href=\"https:\/\/www.cookieconsent.com\/what-are-cookies\/\"> Was sind Cookies? <\/a>.<\/p>\n<h2>Google DoubleClick DART-Cookie<\/h2>\n<p>Google ist ein Drittanbieter auf unserer Site. Dar\u00fcber hinaus werden Cookies, sogenannte DART-Cookies, verwendet, um den Besuchern unserer Website Anzeigen basierend auf ihrem Besuch auf https:\/\/motus.site\/ und anderen Websites im Internet anzuzeigen. Besucher k\u00f6nnen die Verwendung von DART-Cookies jedoch ablehnen, indem sie die Datenschutzrichtlinie des Google-Anzeigen- und Content-Netzwerks unter der folgenden URL aufrufen: <a href=\"https:\/\/policies.google.com\/technologies\/ads\">https:\/\/policies.google.com\/technologies\/ads<\/a><\/p>\n<h2>Unsere Werbepartner<\/h2>\n<p>Einige Werbetreibende auf unserer Website verwenden m\u00f6glicherweise Cookies und Web Beacons. Unsere Werbepartner sind unten aufgef\u00fchrt. Jeder unserer Werbepartner verf\u00fcgt \u00fcber eigene Datenschutzrichtlinien zum Umgang mit Benutzerdaten. Um den Zugriff zu erleichtern, haben wir unten einen Hyperlink zu ihren Datenschutzrichtlinien erstellt.<\/p>\n<ul>\n<li>Google<a href=\"https:\/\/policies.google.com\/technologies\/ads\">https:\/\/policies.google.com\/technologies\/ads<\/a><\/li>\n<\/ul>\n<h2>Datenschutzrichtlinien der Werbepartner<\/h2>\n<p>Sie k\u00f6nnen diese Liste einsehen, um die Datenschutzrichtlinien aller Werbepartner von Motus zu finden.<\/p>\n<p>Werbeserver oder Werbenetzwerke von Drittanbietern verwenden Technologien wie Cookies, JavaScript oder Web Beacons, die in ihren jeweiligen Anzeigen und Links verwendet werden, die auf [Name-Unternehmen] erscheinen und direkt an den Browser des Benutzers gesendet werden. Dabei wird ihnen automatisch Ihre IP-Adresse \u00fcbermittelt. Diese Technologien werden verwendet, um die Wirksamkeit ihrer Werbekampagnen zu messen und\/oder die Werbeinhalte zu personalisieren, die Sie auf den von Ihnen besuchten Websites sehen.<\/p>\n<p>Beachten Sie, dass Motus keinen Zugriff auf diese Cookies hat und diese auch nicht kontrolliert, da diese von Drittanbietern verwendet werden.<\/p>\n<h2>Datenschutzrichtlinien von Drittanbietern<\/h2>\n<p>Die Datenschutzrichtlinie gilt nicht f\u00fcr andere Werbetreibende oder Websites. Daher empfehlen wir Ihnen, f\u00fcr ausf\u00fchrlichere Informationen die jeweiligen Datenschutzrichtlinien dieser Ad-Server von Drittanbietern zu konsultieren. Es kann ihre Vorgehensweisen und Anweisungen zum Deaktivieren bestimmter Optionen enthalten.<\/p>\n<p>Sie k\u00f6nnen Cookies \u00fcber Ihre individuellen Browsereinstellungen deaktivieren. Ausf\u00fchrlichere Informationen zur Cookie-Verwaltung in bestimmten Webbrowsern finden Sie auf den jeweiligen Websites der Browser.<\/p>\n<h2>CCPA-Datenschutzrechte (Meine personenbezogenen Daten nicht verkaufen)<\/h2>\n<p>Im Rahmen des CCPA haben Verbraucher in Kalifornien unter anderem folgende Rechte:<\/p>\n<p>Fordern Sie von einem Unternehmen, das personenbezogene Daten eines Verbrauchers erhebt, die Offenlegung der Kategorien und spezifischen Teile der personenbezogenen Daten, die das Unternehmen \u00fcber Verbraucher gesammelt hat.<\/p>\n<p>Fordern Sie ein Unternehmen auf, alle personenbezogenen Daten \u00fcber den Verbraucher zu l\u00f6schen, die das Unternehmen gesammelt hat.<\/p>\n<p>Fordern Sie ein Unternehmen auf, die personenbezogenen Daten eines Verbrauchers zu verkaufen, und zwar nicht, die personenbezogenen Daten des Verbrauchers zu verkaufen.<\/p>\n<p>Wenn Sie eine Anfrage stellen, haben wir einen Monat Zeit, um zu antworten. Wenn Sie eines dieser Rechte aus\u00fcben m\u00f6chten, kontaktieren Sie uns bitte.<\/p>\n<h2>DSGVO-Datenschutzrechte<\/h2>\n<p>Wir m\u00f6chten sicherstellen, dass Sie \u00fcber alle Ihre Datenschutzrechte informiert sind. Jeder Benutzer hat Anspruch auf Folgendes:<\/p>\n<p>Das Recht auf Zugriff \u2013 Sie haben das Recht, Kopien Ihrer personenbezogenen Daten anzufordern. F\u00fcr diesen Service erheben wir m\u00f6glicherweise eine geringe Geb\u00fchr.<\/p>\n<p>Das Recht auf Berichtigung \u2013 Sie haben das Recht, von uns die Berichtigung von Informationen zu verlangen, die Sie f\u00fcr unrichtig halten. Sie haben au\u00dferdem das Recht, von uns die Vervollst\u00e4ndigung von Informationen zu verlangen, die Ihrer Meinung nach unvollst\u00e4ndig sind.<\/p>\n<p>Das Recht auf L\u00f6schung \u2013 Sie haben das Recht, unter bestimmten Bedingungen die L\u00f6schung Ihrer personenbezogenen Daten zu verlangen.<\/p>\n<p>Das Recht auf Einschr\u00e4nkung der Verarbeitung \u2013 Sie haben das Recht, unter bestimmten Bedingungen zu verlangen, dass wir die Verarbeitung Ihrer personenbezogenen Daten einschr\u00e4nken.<\/p>\n<p>Das Widerspruchsrecht \u2013 Sie haben unter bestimmten Bedingungen das Recht, der Verarbeitung Ihrer personenbezogenen Daten durch uns zu widersprechen.<\/p>\n<p>Das Recht auf Daten\u00fcbertragbarkeit \u2013 Sie haben das Recht, unter bestimmten Bedingungen zu verlangen, dass wir die von uns erhobenen Daten an eine andere Organisation oder direkt an Sie \u00fcbertragen.<\/p>\n<p>Wenn Sie eine Anfrage stellen, haben wir einen Monat Zeit, um zu antworten. Wenn Sie eines dieser Rechte aus\u00fcben m\u00f6chten, kontaktieren Sie uns bitte.<\/p>\n<h2>Informationen f\u00fcr Kinder<\/h2>\n<p>Ein weiterer Schwerpunkt unserer Arbeit ist der verst\u00e4rkte Schutz von Kindern bei der Nutzung des Internets. Wir ermutigen Eltern und Erziehungsberechtigte, ihre Online-Aktivit\u00e4ten zu beobachten, daran teilzunehmen und\/oder zu \u00fcberwachen und anzuleiten.<\/p>\n<p>Motus sammelt wissentlich keine personenbezogenen Daten von Kindern unter 13 Jahren. Wenn Sie glauben, dass Ihr Kind derartige Informationen auf unserer Website bereitgestellt hat, empfehlen wir Ihnen dringend, sich umgehend mit uns in Verbindung zu setzen. Wir werden unser Bestes tun, um derartige Informationen umgehend aus unseren Aufzeichnungen zu entfernen.<\/p>","protected":false},"excerpt":{"rendered":"<p>Pol\u00edtica de privacidade para Motus A Motus, acess\u00edvel em https:\/\/motus.site\/, uma das nossas principais prioridades \u00e9 a privacidade dos nossos visitantes. Este documento de Pol\u00edtica&#8230;<\/p>","protected":false},"author":2,"featured_media":0,"parent":0,"menu_order":0,"comment_status":"closed","ping_status":"closed","template":"","meta":{"footnotes":""},"class_list":["post-4578","page","type-page","status-publish","hentry"],"_links":{"self":[{"href":"https:\/\/motus.site\/de\/wp-json\/wp\/v2\/pages\/4578","targetHints":{"allow":["GET"]}}],"collection":[{"href":"https:\/\/motus.site\/de\/wp-json\/wp\/v2\/pages"}],"about":[{"href":"https:\/\/motus.site\/de\/wp-json\/wp\/v2\/types\/page"}],"author":[{"embeddable":true,"href":"https:\/\/motus.site\/de\/wp-json\/wp\/v2\/users\/2"}],"replies":[{"embeddable":true,"href":"https:\/\/motus.site\/de\/wp-json\/wp\/v2\/comments?post=4578"}],"version-history":[{"count":4,"href":"https:\/\/motus.site\/de\/wp-json\/wp\/v2\/pages\/4578\/revisions"}],"predecessor-version":[{"id":4995,"href":"https:\/\/motus.site\/de\/wp-json\/wp\/v2\/pages\/4578\/revisions\/4995"}],"wp:attachment":[{"href":"https:\/\/motus.site\/de\/wp-json\/wp\/v2\/media?parent=4578"}],"curies":[{"name":"wp","href":"https:\/\/api.w.org\/{rel}","templated":true}]}}